
{"id":10833,"date":"2019-03-26T17:32:26","date_gmt":"2019-03-26T17:32:26","guid":{"rendered":"https:\/\/www.marvi93.com\/?page_id=10833"},"modified":"2020-06-03T17:33:10","modified_gmt":"2020-06-03T15:33:10","slug":"condiciones-de-contratacion","status":"publish","type":"page","link":"https:\/\/www.marvi93.com\/es\/condiciones-de-contratacion\/","title":{"rendered":"Condiciones de contrataci\u00f3n"},"content":{"rendered":"<section class=\"wpb-content-wrapper\">[vc_row][vc_column][vc_column_text]\n<div class=\"page\" title=\"Page 21\">\n<div class=\"layoutArea\">\n<div class=\"column\">\n<p style=\"text-align: justify;\"><strong>Informaci\u00f3n previa al proceso contractual<\/strong><\/p>\n<p style=\"text-align: justify;\">La presente p\u00e1gina web WWW.MARVI93.COM es propiedad de MARVI 93 SL con CIF B60244332 y direcci\u00f3n fiscal en JOAN TORRUELLA I URPINA 7 08758, CERVELLO (BARCELONA), actuando comercialmente bajo la marca MARVI 93 SL.<\/p>\n<p style=\"text-align: justify;\">Las condiciones Generales de Contrataci\u00f3n regulan la relaci\u00f3n de venta a distancia entre MARVI 93 SL y el usuario o cliente, de acuerdo con las estipulaciones legales, en especial, la Ley 7\/1998, de 13 de abril, sobre Condiciones Generales de Contrataci\u00f3n, la Ley 3\/2014, de 27 de marzo por la que se modifica el texto refundido de la Ley General para la Defensa de los consumidores y Usuarios, De conformidad con lo establecido en la normativa vigente en Protecci\u00f3n de Datos de Car\u00e1cter Personal, la Ley 7\/1996, de 15 de enero de Ordenaci\u00f3n del Comercio Minorista, y a la Ley 34\/2002 de 11 de julio, de Servicios de la Sociedad de la Informaci\u00f3n y de Comercio Electr\u00f3nico.<\/p>\n<p style=\"text-align: justify;\">MARVI 93 SL se reserva el derecho a realizar las modificaciones que considere oportunas, sin aviso previo, en las Condiciones Generales. Dichas modificaciones podr\u00e1n realizarse, a trav\u00e9s de sus websites, por cualquier forma admisible en derecho y ser\u00e1n de obligado cumplimiento durante el tiempo en que se encuentren publicadas en la web y hasta que no sean modificadas v\u00e1lidamente por otras posteriores. No obstante, MARVI 93 SL se reserva el derecho de aplicar, en determinados casos, unas Condiciones Particulares de Contrataci\u00f3n con preferencia a las presentes Condiciones Generales cuando lo considere oportuno, anunci\u00e1ndolas en tiempo y forma oportunos.<\/p>\n<p style=\"text-align: justify;\">El objeto de la p\u00e1gina web es servicio de catering a empresas.<\/p>\n<p style=\"text-align: justify;\">La duraci\u00f3n del contrato quedar\u00e1 vinculada a la finalizaci\u00f3n del servicio contratado.<\/p>\n<p style=\"text-align: justify;\">Como usuario o cliente declara expresamente conocer, entender y aceptar las condiciones de uso y estas condiciones generales de contrataci\u00f3n. Del mismo modo, declara ser mayor de edad y tener la capacidad jur\u00eddica y de obrar necesarias para el acceso a los sitios web de MARVI 93 SL y la contrataci\u00f3n por medio de los mismos.<\/p>\n<p style=\"text-align: justify;\">Para adquirir nuestros servicios, usted puede dirigirse al apartado correspondiente de nuestra tienda online.<\/p>\n<p style=\"text-align: justify;\">Es requisito imprescindible que se registre como usuario de la web para realizar la compra online. Puede acceder al apartado correspondiente para el registro en la propia web. De conformidad con lo establecido en la normativa vigente en Protecci\u00f3n de Datos de Car\u00e1cter Personal, MARVI 93 SL informa a los usuarios que los datos personales recabados durante el proceso de registro y posterior compra, ser\u00e1n introducidos en un fichero bajo su responsabilidad, con la finalidad de tramitar dichas acciones por parte del usuario y gestionar actuaciones posteriores derivadas de las mismas.<\/p>\n<p style=\"text-align: justify;\">Asimismo, MARVI 93 SL informa de la posibilidad de ejercer los derechos de acceso, rectificaci\u00f3n, limitaci\u00f3n del tratamiento, supresi\u00f3n, portabilidad y oposici\u00f3n al tratamiento de sus datos de car\u00e1cter personal mediante un escrito a la direcci\u00f3n JOAN TORRUELLA I URPINA 7 08758, CERVELLO (BARCELONA) o a trav\u00e9s del correo electr\u00f3nico INFO@MARVI93.COM .<\/p>\n<\/div>\n<\/div>\n<\/div>\n<div class=\"page\" style=\"text-align: justify;\" title=\"Page 22\">\n<div class=\"layoutArea\">\n<div class=\"column\">\n<p>Durante el proceso de compra deber\u00e1 identificarse con el nombre de usuario y la contrase\u00f1a proporcionados. Estos datos no ser\u00e1n p\u00fablicos. Usted se hace responsable de tratar confidencial y responsablemente la identidad y contrase\u00f1a obtenidas en el registro como cliente, no pudiendo cederlas a otro. Puede modificar la informaci\u00f3n registrada en cualquier momento, en su \u00e1rea de cliente. En este mismo apartado usted tendr\u00e1 acceso a un hist\u00f3rico de sus servicios contratados, est\u00e9 s\u00f3lo es un apartado de consulta pero se permite su gesti\u00f3n, pudiendo el usuario eliminar aquellos registros que considere no es necesario visualizar.<\/p>\n<p>Finalizado el proceso de compra el cliente recibir\u00e1 una confirmaci\u00f3n del mismo por correo electr\u00f3nico. Es imprescindible que durante el proceso de compra el usuario indique un correo electr\u00f3nico v\u00e1lido.<\/p>\n<p>Todos los contenidos de la web est\u00e1n en espa\u00f1ol.<\/p>\n<p>Previamente a la prestaci\u00f3n del servicio el cliente recibir\u00e1 un correo electr\u00f3nico con la confirmaci\u00f3n del servicio solicitado.<\/p>\n<p>Una vez prestado el servicio el cliente recibir\u00e1 la correspondiente factura.<\/p>\n<p><strong>Caracter\u00edsticas, oferta y vigencia de los servicios<\/strong><\/p>\n<p>Los servicios ofertados en nuestra tienda online, se detallan las caracter\u00edsticas esenciales de los mismos.<\/p>\n<p>En caso de un servicio en oferta, siempre se indicar\u00e1 junto a sus caracter\u00edsticas esenciales, el precio de oferta y la validez de la misma.<\/p>\n<p>En cumplimiento de la normativa vigente MARVI 93 SL ofrece informaci\u00f3n sobre todos sus servicios, sus caracter\u00edsticas y precios. No obstante, MARVI 93 SL se reserva el derecho a retirar, reponer o cambiar los servicios que se ofrecen a trav\u00e9s de su p\u00e1gina web, mediante el simple cambio en el contenido de la misma. De esta forma, los servicios ofrecidos en cada momento por la web se regir\u00e1n por las Condiciones Generales de Contrataci\u00f3n vigentes en cada caso. Asimismo, la empresa tendr\u00e1 la facultad de dejar de ofrecer, sin previo aviso y en cualquier momento, el acceso a los servicios mencionados.<\/p>\n<p><strong>Precios<\/strong><\/p>\n<p>Todos los servicios indican el precio de venta en Euros e incluyen el Impuesto sobre el Valor A\u00f1adido (IVA).<\/p>\n<p>Si fuera aplicable cualquier otro impuesto, as\u00ed se indicar\u00eda (IGIC o IPSI).<\/p>\n<p><strong>Gastos y prestaci\u00f3n de los servicios<\/strong><\/p>\n<p>MARVI 93 SL s\u00f3lo realiza el servicio en toda el \u00e1rea Metropolitana de Barcelona.<\/p>\n<p>Los gastos de env\u00edo se aplicaran en funci\u00f3n de la zona de env\u00edo, tama\u00f1o, peso y medidas del producto. El cliente podr\u00e1 visualizar los costes de env\u00edo al finalizar la compra.<\/p>\n<p><strong>Formas de pago y ejecuci\u00f3n del servicio<\/strong><\/p>\n<\/div>\n<\/div>\n<\/div>\n<div class=\"page\" style=\"text-align: justify;\" title=\"Page 23\">\n<div class=\"layoutArea\">\n<div class=\"column\">\n<p>El cliente podr\u00e1 abonar el importe de su servicio optando por cualquiera de las siguientes formas. Durante el proceso de compra deber\u00e1 indicar su elecci\u00f3n:<\/p>\n<p>&#8211; Tarjeta de cr\u00e9dito VISA o MASTERCARD<\/p>\n<p>Todas las operaciones que implican la transmisi\u00f3n de datos personales o bancarios se realizan utilizando un entorno seguro, un servidor basado en la tecnolog\u00eda de seguridad est\u00e1ndar SSL (Secure Sockets Layer). Toda la informaci\u00f3n que nos transmita viaja cifrada a trav\u00e9s de la red.<\/p>\n<p>Asimismo los datos sobre su tarjeta de cr\u00e9dito son introducidos directamente en la p\u00e1gina del banco, en el TPV (Terminal Punto de venta del Banco) y no son introducidos ni registrados en ning\u00fan servidor de MARVI 93 SL.<\/p>\n<p>Al pagar con tarjeta VISA o MASTERCARD se le solicitar\u00e1n siempre los siguientes datos: el n\u00famero de tarjeta, la fecha de caducidad, y un C\u00f3digo de Validaci\u00f3n que coincide con las 3 \u00faltimas cifras del n\u00famero impreso en cursiva en el reverso de su tarjeta VISA o MASTERCARD, ofreciendo, de esta forma, m\u00e1s garant\u00edas acerca de la seguridad de la transacci\u00f3n.<\/p>\n<p>Esta forma de pago es v\u00e1lida \u00fanicamente en la web.<\/p>\n<p>Cuando el importe de una compra hubiese sido cargado fraudulenta o indebidamente utilizando el n\u00famero de una tarjeta de pago, su titular podr\u00e1 exigir la inmediata anulaci\u00f3n del cargo. En tal caso, las correspondientes anotaciones de adeudo y reabono en las cuentas del proveedor y del titular se efectuar\u00e1n a la mayor brevedad.<\/p>\n<p>Sin embargo, si la compra hubiese sido efectivamente realizada por el titular de la tarjeta y la exigencia de devoluci\u00f3n no fuera consecuencia de haberse ejercido el derecho de desistimiento o de resoluci\u00f3n y, por tanto, hubiese exigido indebidamente la anulaci\u00f3n del correspondiente cargo, aquel quedar\u00e1 obligado frente a MARVI 93 SL al resarcimiento de los da\u00f1os y perjuicios ocasionados como consecuencia de dicha anulaci\u00f3n.<\/p>\n<p>La disponibilidad de servicios ofrecidos por MARVI 93 SL puede variar en funci\u00f3n del servicio. En caso de no ejecuci\u00f3n por indisponibilidad, MARVI 93 SL en el momento que tenga conocimiento de esta situaci\u00f3n lo notificar\u00e1 al cliente, por medio de un correo electr\u00f3nico. El periodo de esta comunicaci\u00f3n no superar\u00e1 en ning\u00fan caso el plazo m\u00e1ximo de 30 d\u00edas, MARVI 93 SL podr\u00e1 dar la doble opci\u00f3n de: ofrecer al cliente sin aumento de precio, un servicio de caracter\u00edsticas similares o de superior calidad, o salvo razones justificadas y demostrables por MARVI 93 SL dentro de este mismo periodo abonar las sumas pagadas por el servicio anulado. En el supuesto de que MARVI 93 SL no realice este abono en el plazo se\u00f1alado, el comprador podr\u00e1 reclamar que se le pague el doble de la suma adeudada, sin perjuicio a su derecho de ser indemnizado.<\/p>\n<p><strong>Derecho de desistimiento, reembolso del pago y reclamaciones<\/strong><\/p>\n<p>El cliente dispondr\u00e1 de un plazo m\u00ednimo de catorce d\u00edas naturales para desistir, a partir del d\u00eda de celebraci\u00f3n del contrato, sin penalizaci\u00f3n alguna y sin indicaci\u00f3n de los motivos.<\/p>\n<p>El ejercicio del derecho de desistimiento deber\u00e1 realizarse mediante notificaci\u00f3n a trav\u00e9s comunicaci\u00f3n telef\u00f3nica a 936833232, dirigi\u00e9ndose al correo electr\u00f3nico INFO@MARVI93.COM, remitiendo su escrito a nuestra direcci\u00f3n postal JOAN TORRUELLA I URPINA 7 08758, CERVELLO (BARCELONA), o bien a trav\u00e9s del formulario de desistimiento.<\/p>\n<\/div>\n<\/div>\n<\/div>\n<div class=\"page\" title=\"Page 24\">\n<div class=\"layoutArea\">\n<div class=\"column\">\n<p style=\"text-align: justify;\">Seg\u00fan lo establecido el art\u00edculo 103 de la Ley 3\/2014, de 27 de marzo por la que se modifica el texto refundido de la Ley General para la Defensa de los consumidores y Usuarios, los suministros de servicios o bienes confeccionado conforme a las especificaciones del consumidor o claramente personalizados, o que, por su naturaleza, no puedan ser devueltos o puedan deteriorarse o caducar con rapidez, est\u00e1n exentos de desistimiento.<\/p>\n<p style=\"text-align: justify;\">Si el cliente solicita que la prestaci\u00f3n del servicio d\u00e9 comienzo durante el periodo de desistimiento, este quedar\u00e1 obligado al abono del importe proporcional a la parte prestada del servicio en el momento en que haya comunicado su desistimiento, en relaci\u00f3n al objeto del contrato.<\/p>\n<p style=\"text-align: justify;\"><strong>Reembolso del pago<\/strong><\/p>\n<p style=\"text-align: justify;\">El reembolso de las cantidades recibidas por el cliente se realizar\u00e1 utilizando los mismos medios de pago empleados por este, siempre y cuando no se haya dispuesto lo contrario.<\/p>\n<p style=\"text-align: justify;\">La MARVI 93 SL abonar\u00e1 las cantidades satisfechas por el cliente antes de 14 d\u00edas naturales des de la fecha de recepci\u00f3n del derecho de desistimiento.<\/p>\n<p style=\"text-align: justify;\">En caso de retraso injustificado por parte de MARVI 93 SL, respecto a la devoluci\u00f3n de las sumas abonadas, el cliente podr\u00e1 reclamar el doble de las sumas pagadas, sin perjuicio del derecho de ser indemnizado por los da\u00f1os y perjuicios sufridos en los que exceda de dicha cantidad.<\/p>\n<p style=\"text-align: justify;\"><strong>Reclamaci\u00f3n<\/strong><\/p>\n<p style=\"text-align: justify;\">Si el cliente desea presentar una reclamaci\u00f3n, el establecimiento de MARVI 93 SL est\u00e1 situado en JOAN TORRUELLA I URPINA 7 08758, CERVELLO (BARCELONA) o a trav\u00e9s del correo electr\u00f3nicoINFO@MARVI93.COM .<\/p>\n<p style=\"text-align: justify;\"><strong>Jurisdicci\u00f3n<\/strong><\/p>\n<p style=\"text-align: justify;\">Asimismo, MARVI 93 SL se reserva la facultad de presentar las acciones civiles o penales que considere oportunas por la utilizaci\u00f3n indebida de su sitio web y contenidos o por el incumplimiento de las presentes condiciones.<\/p>\n<p style=\"text-align: justify;\">La relaci\u00f3n entre el usuario y el prestador se regir\u00e1 por la normativa vigente y de aplicaci\u00f3n en el territorio espa\u00f1ol. De surgir cualquier controversia las partes podr\u00e1n someter sus conflictos a arbitraje o acudir a la jurisdicci\u00f3n ordinaria cumpliendo con las normas sobre jurisdicci\u00f3n y competencia al respecto. MARVI 93 SL tiene su domicilio en BARCELONA, Espa\u00f1a.<\/p>\n<\/div>\n<\/div>\n<\/div>\n[\/vc_column_text][\/vc_column][\/vc_row]\n<\/section>","protected":false},"excerpt":{"rendered":"<p>[vc_row][vc_column][vc_column_text] Informaci\u00f3n previa al proceso contractual La presente p\u00e1gina web WWW.MARVI93.COM es propiedad de MARVI 93 SL con CIF B60244332 y direcci\u00f3n fiscal en JOAN TORRUELLA I URPINA 7 08758, CERVELLO (BARCELONA), actuando comercialmente bajo la marca MARVI 93 SL. Las condiciones Generales de Contrataci\u00f3n regulan la relaci\u00f3n de venta a distancia entre MARVI 93 [&hellip;]<\/p>\n","protected":false},"author":235,"featured_media":0,"parent":0,"menu_order":0,"comment_status":"closed","ping_status":"closed","template":"","meta":[],"_links":{"self":[{"href":"https:\/\/www.marvi93.com\/es\/wp-json\/wp\/v2\/pages\/10833"}],"collection":[{"href":"https:\/\/www.marvi93.com\/es\/wp-json\/wp\/v2\/pages"}],"about":[{"href":"https:\/\/www.marvi93.com\/es\/wp-json\/wp\/v2\/types\/page"}],"author":[{"embeddable":true,"href":"https:\/\/www.marvi93.com\/es\/wp-json\/wp\/v2\/users\/235"}],"replies":[{"embeddable":true,"href":"https:\/\/www.marvi93.com\/es\/wp-json\/wp\/v2\/comments?post=10833"}],"version-history":[{"count":0,"href":"https:\/\/www.marvi93.com\/es\/wp-json\/wp\/v2\/pages\/10833\/revisions"}],"wp:attachment":[{"href":"https:\/\/www.marvi93.com\/es\/wp-json\/wp\/v2\/media?parent=10833"}],"curies":[{"name":"wp","href":"https:\/\/api.w.org\/{rel}","templated":true}]}}