
{"id":1415,"date":"2017-11-08T19:48:10","date_gmt":"2017-11-08T17:48:10","guid":{"rendered":"http:\/\/www.marvi93.com\/?page_id=1415"},"modified":"2023-09-25T19:23:56","modified_gmt":"2023-09-25T17:23:56","slug":"empresa-de-catering","status":"publish","type":"page","link":"https:\/\/www.marvi93.com\/es\/empresa-de-catering\/","title":{"rendered":"Catering"},"content":{"rendered":"<section class=\"wpb-content-wrapper\">[mk_page_section bg_image=\u00bbhttps:\/\/www.marvi93.com\/wp-content\/uploads\/2017\/09\/dinar-estandard.jpg\u00bb bg_color=\u00bbrgba(0,0,0,0.2)\u00bb blend_mode=\u00bboverlay\u00bb bg_position=\u00bbcenter center\u00bb bg_repeat=\u00bbno-repeat\u00bb bg_stretch=\u00bbtrue\u00bb min_height=\u00bb500&#8243; js_vertical_centered=\u00bbtrue\u00bb padding_top=\u00bb0&#8243; padding_bottom=\u00bb0&#8243; sidebar=\u00bbsidebar-1&#8243;][vc_column][mk_fancy_title tag_name=\u00bbh1&#8243; color=\u00bb#fbb629&#8243; size=\u00bb50&#8243; font_weight=\u00bbbold\u00bb txt_transform=\u00bbuppercase\u00bb font_family=\u00bbnone\u00bb align=\u00bbcenter\u00bb animation=\u00bbbottom-to-top\u00bb el_class=\u00bbsombra\u00bb]Empresa de catering[\/mk_fancy_title][\/vc_column][\/mk_page_section][mk_page_section padding_top=\u00bb80&#8243; padding_bottom=\u00bb80&#8243; sidebar=\u00bbsidebar-1&#8243;][vc_column][vc_column_text css=\u00bb.vc_custom_1695661178307{margin-bottom: 0px !important;}\u00bb]En nuestra empresa de catering de Barcelona, <a href=\"http:\/\/www.marvi93.com\/es\/quienes-somos\/\"><strong>Marvi 93,<\/strong><\/a> ofrecemos un <strong>servicio de catering<\/strong> integral y personalizado en toda la provincia de Barcelona y sus comarcas, estando presente en poblaciones como la Hospitalet, Sabadell, Terrassa, Vilafranca, Vilanova i la Geltr\u00fa y otras capitales de comarca importantes de Catalu\u00f1a.<\/p>\n<p>Sabemos escuchar y se lo ponemos f\u00e1cil, <strong>somos un catering de proximidad<\/strong>, especializada en atender a empresas e instituciones como industrias, oficinas, escuelas y cualquier tipo de colectividades.<\/p>\n<p>Nuestro <strong>servicio integral de catering<\/strong> destaca por la calidad de los productos, el mantenimiento y servicio t\u00e9cnico \u00f3ptimo de las m\u00e1quinas, y la atenci\u00f3n al cliente de primer nivel. Adem\u00e1s, disponemos de una amplia variedad de opciones de catering diferentes a las tradicionales, lo que nos permite ofrecer una oferta muy amplia y atractiva.<\/p>\n<p>En <a href=\"http:\/\/www.marvi93.com\/es\/tienda\/\"><strong>nuestra tienda online<\/strong><\/a>, encontrar\u00e1 una <a href=\"http:\/\/www.marvi93.com\/es\/cat\/bocadillos\/\"><strong>amplia gama de opciones de bocadillos<\/strong><\/a>\u00a0y <a href=\"http:\/\/www.marvi93.com\/es\/cat\/menus-es\/\"><strong>men\u00fas diarios<\/strong><\/a>, y personalizamos su pedido seg\u00fan sus gustos. Nos encargaremos de hacer llegar su pedido a su empresa de forma r\u00e1pida y eficiente.<\/p>\n<p>Contamos con un equipo humano altamente profesional y estable, que utiliza furgonetas isotermo con fr\u00edo y estanter\u00edas apropiadas para transportar todo tipo de alimentos en las mejores condiciones higi\u00e9nicas y siempre respetando y dando continuidad a la cadena de fr\u00edo, lo que garantiza la m\u00e1xima calidad y frescura de nuestros productos.<\/p>\n<p>Si est\u00e1 buscando una empresa de <em>vending<\/em> o catering en Barcelona y sus alrededores, <strong>Marvi 93<\/strong> es su soluci\u00f3n integral. Contacte con nosotros a trav\u00e9s de <a href=\"http:\/\/www.marvi93.com\/es\/contacto\/\"><strong>nuestro formulario<\/strong><\/a> web o ll\u00e1menos al tel\u00e9fono <strong>93 683 32 32<\/strong> estaremos encantados de atenderle personalmente.[\/vc_column_text][vc_row_inner][vc_column_inner width=\u00bb1\/2&#8243;][mk_flipbox back_background_color=\u00bb#2271b3&#8243; min_height=\u00bb510&#8243; image=\u00bbhttps:\/\/www.marvi93.com\/wp-content\/uploads\/2016\/11\/esmorzars-i-dinars-e1507547029971.jpg\u00bb front_title_color=\u00bb#ffffff\u00bb back_title=\u00bbCATERING DE COMIDAS PARA EMPRESAS\u00bb back_title_color=\u00bb#ffffff\u00bb back_desc_color=\u00bb#ffffff\u00bb button_url=\u00bbhttps:\/\/www.marvi93.com\/es\/catering-de-comidas\/\u00bb button_text=\u00bb+ informaci\u00f3\u00bb][\/vc_column_inner][vc_column_inner width=\u00bb1\/2&#8243;][mk_flipbox back_background_color=\u00bb#2271b3&#8243; min_height=\u00bb510&#8243; image=\u00bbhttp:\/\/www.marvi93.com\/wp-content\/uploads\/2016\/11\/esdeveniments.jpg\u00bb front_title_color=\u00bb#ffffff\u00bb back_title=\u00bbCATERING PARA EVENTOS\u00bb back_title_color=\u00bb#ffffff\u00bb back_desc_color=\u00bb#ffffff\u00bb button_url=\u00bbhttps:\/\/www.marvi93.com\/es\/catering-para-eventos\/\u00bb button_text=\u00bb+ informaci\u00f3\u00bb][\/vc_column_inner][\/vc_row_inner][\/vc_column][\/mk_page_section]\n<\/section>","protected":false},"excerpt":{"rendered":"<p>[mk_page_section bg_image=\u00bbhttps:\/\/www.marvi93.com\/wp-content\/uploads\/2017\/09\/dinar-estandard.jpg\u00bb bg_color=\u00bbrgba(0,0,0,0.2)\u00bb blend_mode=\u00bboverlay\u00bb bg_position=\u00bbcenter center\u00bb bg_repeat=\u00bbno-repeat\u00bb bg_stretch=\u00bbtrue\u00bb min_height=\u00bb500&#8243; js_vertical_centered=\u00bbtrue\u00bb padding_top=\u00bb0&#8243; padding_bottom=\u00bb0&#8243; sidebar=\u00bbsidebar-1&#8243;][vc_column][mk_fancy_title tag_name=\u00bbh1&#8243; color=\u00bb#fbb629&#8243; size=\u00bb50&#8243; font_weight=\u00bbbold\u00bb txt_transform=\u00bbuppercase\u00bb font_family=\u00bbnone\u00bb align=\u00bbcenter\u00bb animation=\u00bbbottom-to-top\u00bb el_class=\u00bbsombra\u00bb]Empresa de catering[\/mk_fancy_title][\/vc_column][\/mk_page_section][mk_page_section padding_top=\u00bb80&#8243; padding_bottom=\u00bb80&#8243; sidebar=\u00bbsidebar-1&#8243;][vc_column][vc_column_text css=\u00bb.vc_custom_1695661178307{margin-bottom: 0px !important;}\u00bb]En nuestra empresa de catering de Barcelona, Marvi 93, ofrecemos un servicio de catering integral y personalizado en toda la provincia de Barcelona y sus comarcas, [&hellip;]<\/p>\n","protected":false},"author":235,"featured_media":0,"parent":0,"menu_order":0,"comment_status":"closed","ping_status":"closed","template":"","meta":[],"_links":{"self":[{"href":"https:\/\/www.marvi93.com\/es\/wp-json\/wp\/v2\/pages\/1415"}],"collection":[{"href":"https:\/\/www.marvi93.com\/es\/wp-json\/wp\/v2\/pages"}],"about":[{"href":"https:\/\/www.marvi93.com\/es\/wp-json\/wp\/v2\/types\/page"}],"author":[{"embeddable":true,"href":"https:\/\/www.marvi93.com\/es\/wp-json\/wp\/v2\/users\/235"}],"replies":[{"embeddable":true,"href":"https:\/\/www.marvi93.com\/es\/wp-json\/wp\/v2\/comments?post=1415"}],"version-history":[{"count":17,"href":"https:\/\/www.marvi93.com\/es\/wp-json\/wp\/v2\/pages\/1415\/revisions"}],"predecessor-version":[{"id":50462,"href":"https:\/\/www.marvi93.com\/es\/wp-json\/wp\/v2\/pages\/1415\/revisions\/50462"}],"wp:attachment":[{"href":"https:\/\/www.marvi93.com\/es\/wp-json\/wp\/v2\/media?parent=1415"}],"curies":[{"name":"wp","href":"https:\/\/api.w.org\/{rel}","templated":true}]}}