
{"id":1421,"date":"2017-11-08T19:53:55","date_gmt":"2017-11-08T18:53:55","guid":{"rendered":"http:\/\/www.marvi93.com\/?page_id=1421"},"modified":"2023-09-25T19:15:19","modified_gmt":"2023-09-25T17:15:19","slug":"catering-para-eventos","status":"publish","type":"page","link":"https:\/\/www.marvi93.com\/es\/empresa-de-catering\/catering-para-eventos\/","title":{"rendered":"Catering para eventos"},"content":{"rendered":"<section class=\"wpb-content-wrapper\">[mk_page_section bg_image=\u00bbhttp:\/\/www.marvi93.com\/wp-content\/uploads\/2017\/08\/esdeveniments.jpg\u00bb bg_color=\u00bbrgba(0,0,0,0.2)\u00bb blend_mode=\u00bboverlay\u00bb bg_position=\u00bbcenter center\u00bb bg_repeat=\u00bbno-repeat\u00bb bg_stretch=\u00bbtrue\u00bb min_height=\u00bb500&#8243; js_vertical_centered=\u00bbtrue\u00bb padding_top=\u00bb0&#8243; padding_bottom=\u00bb0&#8243; sidebar=\u00bbsidebar-1&#8243;][vc_column][mk_fancy_title color=\u00bb#ffffff\u00bb size=\u00bb30&#8243; font_weight=\u00bbbold\u00bb txt_transform=\u00bbuppercase\u00bb margin_bottom=\u00bb0&#8243; font_family=\u00bbnone\u00bb align=\u00bbcenter\u00bb animation=\u00bbbottom-to-top\u00bb]Servicios de catering[\/mk_fancy_title][mk_fancy_title tag_name=\u00bbh1&#8243; color=\u00bb#fbb629&#8243; size=\u00bb50&#8243; font_weight=\u00bbbold\u00bb txt_transform=\u00bbuppercase\u00bb font_family=\u00bbnone\u00bb align=\u00bbcenter\u00bb animation=\u00bbbottom-to-top\u00bb el_class=\u00bbsombra\u00bb]<strong>Catering para eventos<\/strong>[\/mk_fancy_title][\/vc_column][\/mk_page_section][mk_page_section sidebar=\u00bbsidebar-1&#8243;][vc_column][mk_padding_divider size=\u00bb80&#8243;][vc_row_inner][vc_column_inner width=\u00bb1\/4&#8243;][vc_wp_custommenu nav_menu=\u00bb129&#8243;][\/vc_column_inner][vc_column_inner width=\u00bb3\/4&#8243;][vc_column_text css=\u00bb.vc_custom_1695662064414{margin-bottom: 0px !important;}\u00bb]<span style=\"font-weight: 400;\">En <\/span><a href=\"http:\/\/www.marvi93.com\/es\/quienes-somos\/\"><b>Marvi 93<\/b><\/a> <span style=\"font-weight: 400;\">hemos ampliado el abanico de servicios. La nueva incorporaci\u00f3n es el <strong>servicio de catering para eventos en Barcelona<\/strong>.<\/span><\/p>\n<p><span style=\"font-weight: 400;\">Como parte de <strong>nuestro servicio de catering para eventos<\/strong> ofrecemos <strong>gran variedad de productos<\/strong>, tanto salado como dulces, para celebrar cualquier acto, aniversario, reuni\u00f3n de trabajo, fiesta, etc. <\/span><\/p>\n<p><span style=\"font-weight: 400;\">Nuestros <strong>bocadillos fr\u00edos<\/strong> (jam\u00f3n y chorizo ib\u00e9rico, queso, at\u00fan, vegetal, morcilla, etc.) <strong>y calientes<\/strong> (tortilla patatas, frankfurt, vien\u00e9s, hamburguesa, bacon, mallorqu\u00edn, lomo, salchichas, etc.) con diferentes variedades de pan (chapata y <\/span><span style=\"font-weight: 400;\">s\u00e1ndwich) complementados con ensaladas muy diversas e innovadoras, bebidas postres, frutas, pastas dulces, caf\u00e9s. <\/span><\/p>\n<p><span style=\"font-weight: 400;\">Nosotros nos encargamos de <strong>dar un servicio de catering integral para eventos<\/strong> que nos asegura una calidad de los productos, fiabilidad en la elaboraci\u00f3n (APPCC) y una atenci\u00f3n al cliente de primer nivel, adem\u00e1s de disponer de <strong>una flota de veh\u00edculos<\/strong> isotermos condicionados para transportar nuestros productos con la m\u00e1xima garant\u00eda de higiene y de continuidad en la cadena de fr\u00edo.<\/span><\/p>\n<p><span style=\"font-weight: 400;\">Si est\u00e1 buscando una empresa de catering en Barcelona para sus acontecimientos, en <\/span><b>Marvi 93<\/b><span style=\"font-weight: 400;\"> le ofrecemos una soluci\u00f3n integral, acceda a <\/span><a href=\"http:\/\/www.marvi93.com\/es\/contacto\/\"><b>nuestro formulario<\/b><\/a><span style=\"font-weight: 400;\"> y nos pondremos en contacto con usted. Tambi\u00e9n nos puede llamr al tel\u00e9fono <\/span><a href=\"tel:936833232\"><b>93 683 32 32<\/b><\/a><span style=\"font-weight: 400;\"> y le atenderemos personalmente.<\/span>[\/vc_column_text][\/vc_column_inner][\/vc_row_inner][mk_padding_divider size=\u00bb80&#8243;][\/vc_column][\/mk_page_section][mk_page_section bg_color=\u00bb#2271b3&#8243; sidebar=\u00bbsidebar-1&#8243;][vc_column width=\u00bb1\/2&#8243;][mk_padding_divider size=\u00bb60&#8243;][mk_fancy_title color=\u00bb#ffffff\u00bb size=\u00bb30&#8243; font_family=\u00bbnone\u00bb]\u00bfNECESITA M\u00c1S INFORMACI\u00d3N SOBRE ESTE SERVICIO?[\/mk_fancy_title][mk_fancy_title color=\u00bb#ffffff\u00bb size=\u00bb20&#8243; font_family=\u00bbnone\u00bb]Env\u00edenos el siguiente formulario y contactaremos con usted para ampliarle la informaci\u00f3n sobre nuestro <strong>servicio de c\u00e1tering para eventos<\/strong>[\/mk_fancy_title][vc_column_text el_class=\u00bbprivacidad blanco\u00bb]De acuerdo con la normativa vigente y aplicable en materia en Protecci\u00f3n de Datos de Car\u00e1cter Personal, le informamos que sus datos ser\u00e1n incorporados al sistema de tratamiento titularidad de MARVI 93 SL con CIF B60244332 y domicilio social sito en JOAN TORRUELLA I URPINA 7 08758, CERVELLO (BARCELONA), con la finalidad de atender sus consultas. En cumplimiento con la normativa vigente, MARVI 93 SL informa que los datos ser\u00e1n conservados durante el plazo estrictamente necesario para cumplir con los preceptos mencionados con anterioridad.<\/p>\n<p>MARVI 93 SL informa que proceder\u00e1 a tratar los datos de manera l\u00edcita, leal, transparente, adecuada, pertinente, limitada, exacta y actualizada. Es por ello que MARVI 93 SL se compromete a adoptar todas las medidas razonables para que estos se supriman o rectifiquen sin dilaci\u00f3n cuando sean inexactos.<\/p>\n<p>De acuerdo con los derechos que le confiere el la normativa vigente en protecci\u00f3n de datos podr\u00e1 ejercer los derechos de acceso, rectificaci\u00f3n, limitaci\u00f3n de tratamiento, supresi\u00f3n, portabilidad y oposici\u00f3n al tratamiento de sus datos de car\u00e1cter personal as\u00ed como del consentimiento prestado para el tratamiento de los mismos, dirigiendo su petici\u00f3n a la direcci\u00f3n postal indicada m\u00e1s arriba o al correo electr\u00f3nico INFO@MARVI93.COM.<\/p>\n<p>Le informamos que podr\u00e1 revocar en cualquier momento el consentimiento prestado a la recepci\u00f3n de comunicaciones comerciales enviando un e-mail a la direcci\u00f3n de correo electr\u00f3nico: INFO@MARVI93.COM . Podr\u00e1 dirigirse a la Autoridad de Control competente para presentar la reclamaci\u00f3n que considere oportuna. El env\u00edo de estos datos implica la aceptaci\u00f3n de esta cl\u00e1usula.[\/vc_column_text][\/vc_column][vc_column width=\u00bb1\/2&#8243;][vc_column_text]\n<div class=\"wpcf7 no-js\" id=\"wpcf7-f4098-o1\" lang=\"ca\" dir=\"ltr\">\n<div class=\"screen-reader-response\"><p role=\"status\" aria-live=\"polite\" aria-atomic=\"true\"><\/p> <ul><\/ul><\/div>\n<form action=\"\/es\/wp-json\/wp\/v2\/pages\/1421#wpcf7-f4098-o1\" method=\"post\" class=\"wpcf7-form init cf7-style minimal-brown\" id=\"contacto\" aria-label=\"Formulari de contacte\" novalidate=\"novalidate\" data-status=\"init\">\n<div style=\"display: none;\">\n<input type=\"hidden\" name=\"_wpcf7\" value=\"4098\" \/>\n<input type=\"hidden\" name=\"_wpcf7_version\" value=\"5.7.7\" \/>\n<input type=\"hidden\" name=\"_wpcf7_locale\" value=\"ca\" \/>\n<input type=\"hidden\" name=\"_wpcf7_unit_tag\" value=\"wpcf7-f4098-o1\" \/>\n<input type=\"hidden\" name=\"_wpcf7_container_post\" value=\"0\" \/>\n<input type=\"hidden\" name=\"_wpcf7_posted_data_hash\" value=\"\" \/>\n<input type=\"hidden\" name=\"_wpcf7_recaptcha_response\" value=\"\" \/>\n<\/div>\n<div class=\"form-service\">\n\t<p><span class=\"wpcf7-form-control-wrap\" data-name=\"nombre\"><input size=\"40\" class=\"wpcf7-form-control wpcf7-text wpcf7-validates-as-required\" aria-required=\"true\" aria-invalid=\"false\" placeholder=\"Persona de contacto*\" value=\"\" type=\"text\" name=\"nombre\" \/><\/span><span class=\"wpcf7-form-control-wrap\" data-name=\"email\"><input size=\"40\" class=\"wpcf7-form-control wpcf7-text wpcf7-email wpcf7-validates-as-required wpcf7-validates-as-email\" aria-required=\"true\" aria-invalid=\"false\" placeholder=\"Email*\" value=\"\" type=\"email\" name=\"email\" \/><\/span><span class=\"wpcf7-form-control-wrap\" data-name=\"telefono\"><input size=\"40\" class=\"wpcf7-form-control wpcf7-text wpcf7-validates-as-required\" aria-required=\"true\" aria-invalid=\"false\" placeholder=\"Tel\u00e9fono*\" value=\"\" type=\"text\" name=\"telefono\" \/><\/span><span class=\"wpcf7-form-control-wrap\" data-name=\"empresa\"><input size=\"40\" class=\"wpcf7-form-control wpcf7-text\" aria-invalid=\"false\" placeholder=\"Empresa\" value=\"\" type=\"text\" name=\"empresa\" \/><\/span><span style=\"color:#fff;font-size:10px\">Los campos marcados con * son obligatorios<\/span><br \/>\n<span class=\"wpcf7-form-control-wrap\" data-name=\"politica\"><span class=\"wpcf7-form-control wpcf7-acceptance\"><span class=\"wpcf7-list-item\"><label><input type=\"checkbox\" name=\"politica\" value=\"1\" aria-invalid=\"false\" \/><span class=\"wpcf7-list-item-label\">Acepto su <a href=\"https:\/\/www.marvi93.com\/es\/condiciones-de-uso\/\" target=\"_blank\">pol\u00edtica de protecci\u00f3n de datos<\/a><\/span><\/label><\/span><\/span><\/span><br \/>\n<span class=\"wpcf7-form-control-wrap\" data-name=\"publicidad\"><span class=\"wpcf7-form-control wpcf7-acceptance optional\"><span class=\"wpcf7-list-item\"><label><input type=\"checkbox\" name=\"publicidad\" value=\"1\" aria-invalid=\"false\" \/><span class=\"wpcf7-list-item-label\">He le\u00eddo y acepto recibir publicidad o informaci\u00f3n promocional de MARVI 93 SL.<\/span><\/label><\/span><\/span><\/span><br \/>\n<input class=\"wpcf7-form-control has-spinner wpcf7-submit\" type=\"submit\" value=\"ENVIAR\" \/>\n\t<\/p>\n<\/div><div class=\"wpcf7-response-output\" aria-hidden=\"true\"><\/div>\n<\/form>\n<\/div>\n[\/vc_column_text][\/vc_column][\/mk_page_section]\n<\/section>","protected":false},"excerpt":{"rendered":"<p>[mk_page_section bg_image=\u00bbhttp:\/\/www.marvi93.com\/wp-content\/uploads\/2017\/08\/esdeveniments.jpg\u00bb bg_color=\u00bbrgba(0,0,0,0.2)\u00bb blend_mode=\u00bboverlay\u00bb bg_position=\u00bbcenter center\u00bb bg_repeat=\u00bbno-repeat\u00bb bg_stretch=\u00bbtrue\u00bb min_height=\u00bb500&#8243; js_vertical_centered=\u00bbtrue\u00bb padding_top=\u00bb0&#8243; padding_bottom=\u00bb0&#8243; sidebar=\u00bbsidebar-1&#8243;][vc_column][mk_fancy_title color=\u00bb#ffffff\u00bb size=\u00bb30&#8243; font_weight=\u00bbbold\u00bb txt_transform=\u00bbuppercase\u00bb margin_bottom=\u00bb0&#8243; font_family=\u00bbnone\u00bb align=\u00bbcenter\u00bb animation=\u00bbbottom-to-top\u00bb]Servicios de catering[\/mk_fancy_title][mk_fancy_title tag_name=\u00bbh1&#8243; color=\u00bb#fbb629&#8243; size=\u00bb50&#8243; font_weight=\u00bbbold\u00bb txt_transform=\u00bbuppercase\u00bb font_family=\u00bbnone\u00bb align=\u00bbcenter\u00bb animation=\u00bbbottom-to-top\u00bb el_class=\u00bbsombra\u00bb]Catering para eventos[\/mk_fancy_title][\/vc_column][\/mk_page_section][mk_page_section sidebar=\u00bbsidebar-1&#8243;][vc_column][mk_padding_divider size=\u00bb80&#8243;][vc_row_inner][vc_column_inner width=\u00bb1\/4&#8243;][vc_wp_custommenu nav_menu=\u00bb129&#8243;][\/vc_column_inner][vc_column_inner width=\u00bb3\/4&#8243;][vc_column_text css=\u00bb.vc_custom_1695662064414{margin-bottom: 0px !important;}\u00bb]En Marvi 93 hemos ampliado el abanico de servicios. La nueva incorporaci\u00f3n es el [&hellip;]<\/p>\n","protected":false},"author":235,"featured_media":0,"parent":1415,"menu_order":0,"comment_status":"closed","ping_status":"closed","template":"","meta":[],"_links":{"self":[{"href":"https:\/\/www.marvi93.com\/es\/wp-json\/wp\/v2\/pages\/1421"}],"collection":[{"href":"https:\/\/www.marvi93.com\/es\/wp-json\/wp\/v2\/pages"}],"about":[{"href":"https:\/\/www.marvi93.com\/es\/wp-json\/wp\/v2\/types\/page"}],"author":[{"embeddable":true,"href":"https:\/\/www.marvi93.com\/es\/wp-json\/wp\/v2\/users\/235"}],"replies":[{"embeddable":true,"href":"https:\/\/www.marvi93.com\/es\/wp-json\/wp\/v2\/comments?post=1421"}],"version-history":[{"count":5,"href":"https:\/\/www.marvi93.com\/es\/wp-json\/wp\/v2\/pages\/1421\/revisions"}],"predecessor-version":[{"id":50459,"href":"https:\/\/www.marvi93.com\/es\/wp-json\/wp\/v2\/pages\/1421\/revisions\/50459"}],"up":[{"embeddable":true,"href":"https:\/\/www.marvi93.com\/es\/wp-json\/wp\/v2\/pages\/1415"}],"wp:attachment":[{"href":"https:\/\/www.marvi93.com\/es\/wp-json\/wp\/v2\/media?parent=1421"}],"curies":[{"name":"wp","href":"https:\/\/api.w.org\/{rel}","templated":true}]}}