
{"id":1425,"date":"2017-11-08T19:56:05","date_gmt":"2017-11-08T17:56:05","guid":{"rendered":"http:\/\/www.marvi93.com\/?page_id=1425"},"modified":"2021-10-13T18:40:44","modified_gmt":"2021-10-13T16:40:44","slug":"contacto","status":"publish","type":"page","link":"https:\/\/www.marvi93.com\/es\/contacto\/","title":{"rendered":"Contacto"},"content":{"rendered":"<section class=\"wpb-content-wrapper\">[mk_page_section full_width=\u00bbtrue\u00bb padding_top=\u00bb0&#8243; padding_bottom=\u00bb0&#8243; sidebar=\u00bbsidebar-1&#8243;][vc_column][vc_gmaps link=\u00bb#E-8_JTNDaWZyYW1lJTIwc3JjJTNEJTIyaHR0cHMlM0ElMkYlMkZ3d3cuZ29vZ2xlLmNvbSUyRm1hcHMlMkZlbWJlZCUzRnBiJTNEJTIxMW0xNCUyMTFtOCUyMTFtMyUyMTFkNTk4NS43NzQ4NTg1Nzc1NTUlMjEyZDEuOTYzMjQwMDAwMDAwMDAwMyUyMTNkNDEuMzk4MjUxJTIxM20yJTIxMWkxMDI0JTIxMmk3NjglMjE0ZjEzLjElMjEzbTMlMjExbTIlMjExczB4MCUyNTNBMHhlNjI5NWExYmI5ZTU4MTE3JTIxMnNNYXJ2aSUyQjkzJTJCU0wlMjE1ZTAlMjEzbTIlMjExc2VzJTIxMnNlcyUyMTR2MTUwNjU5MTgwOTkyNyUyMiUyMHdpZHRoJTNEJTIyNjAwJTIyJTIwaGVpZ2h0JTNEJTIyNDUwJTIyJTIwZnJhbWVib3JkZXIlM0QlMjIwJTIyJTIwc3R5bGUlM0QlMjJib3JkZXIlM0EwJTIyJTIwYWxsb3dmdWxsc2NyZWVuJTNFJTNDJTJGaWZyYW1lJTNF\u00bb size=\u00bb500&#8243; css=\u00bb.vc_custom_1506592709425{margin-bottom: 0px !important;}\u00bb][\/vc_column][\/mk_page_section][mk_page_section bg_color=\u00bb#2271b3&#8243; min_height=\u00bb0&#8243; sidebar=\u00bbsidebar-1&#8243;][vc_column width=\u00bb1\/3&#8243;][mk_icon_box icon=\u00bbmk-moon-clock-4&#8243; style=\u00bbsimple_ultimate\u00bb icon_size=\u00bblarge\u00bb icon_color=\u00bb#ffffff\u00bb title_color=\u00bb#ffffff\u00bb txt_color=\u00bb#ffffff\u00bb margin=\u00bb0&#8243;]\n<h1 style=\"font-size: 17px; color: #fff; font-weight: 400;\">HORARIO DE ATENCI\u00d3N AL CLIENTE<\/h1>\n<p>De lunes a viernes<br \/>\nDe 8:00 a 18:00 horas[\/mk_icon_box][\/vc_column][vc_column width=\u00bb1\/3&#8243;][vc_column_text]\n<div style=\"color: #fff; font-size: 17px;\">Recepci\u00f3n de pedidos hasta las 9:00<br \/>\nEntrega almuerzos de 9:00 a 11:00<br \/>\nEntrega comidas de 11:00 a 13:00<\/div>\n[\/vc_column_text][\/vc_column][vc_column width=\u00bb1\/3&#8243;][\/vc_column][\/mk_page_section][vc_row][vc_column][mk_padding_divider size=\u00bb80&#8243;][\/vc_column][\/vc_row][vc_row][vc_column width=\u00bb1\/3&#8243;][mk_contact_info phone=\u00bb93 683 32 32&#8243; email=\u00bbmarvi93@marvi93.com\u00bb address=\u00bbCalle Joan Torruella i Urpina, 7 08758 &#8211; Cervell\u00f3 (Barcelona)\u00bb][vc_column_text el_class=\u00bbprivacidad\u00bb]De acuerdo con la normativa vigente y aplicable en materia en Protecci\u00f3n de Datos de Car\u00e1cter Personal, le informamos que sus datos ser\u00e1n incorporados al sistema de tratamiento titularidad de MARVI 93 SL con CIF B60244332 y domicilio social sito en JOAN TORRUELLA I URPINA 7 08758, CERVELLO (BARCELONA), con la finalidad de atender sus consultas. En cumplimiento con la normativa vigente, MARVI 93 SL informa que los datos ser\u00e1n conservados durante el plazo estrictamente necesario para cumplir con los preceptos mencionados con anterioridad.<\/p>\n<p>MARVI 93 SL informa que proceder\u00e1 a tratar los datos de manera l\u00edcita, leal, transparente, adecuada, pertinente, limitada, exacta y actualizada. Es por ello que MARVI 93 SL se compromete a adoptar todas las medidas razonables para que estos se supriman o rectifiquen sin dilaci\u00f3n cuando sean inexactos.<\/p>\n<p>De acuerdo con los derechos que le confiere el la normativa vigente en protecci\u00f3n de datos podr\u00e1 ejercer los derechos de acceso, rectificaci\u00f3n, limitaci\u00f3n de tratamiento, supresi\u00f3n, portabilidad y oposici\u00f3n al tratamiento de sus datos de car\u00e1cter personal as\u00ed como del consentimiento prestado para el tratamiento de los mismos, dirigiendo su petici\u00f3n a la direcci\u00f3n postal indicada m\u00e1s arriba o al correo electr\u00f3nico INFO@MARVI93.COM.<\/p>\n<div class=\"page\" title=\"Page 27\">\n<div class=\"layoutArea\">\n<div class=\"column\">\n<p>Asimismo y de acuerdo con lo establecido en la Ley 34\/2002, de 11 de julio, de Servicios de la Sociedad de la Informaci\u00f3n y de Comercio Electr\u00f3nico, en su art\u00edculo 21, solicitamos tambi\u00e9n su consentimiento expreso para enviarle publicidad de nuestros productos o promociones que consideremos puedan ser de su inter\u00e9s, por correo electr\u00f3nico o por cualquier otro medio de comunicaci\u00f3n electr\u00f3nica equivalente.<\/p>\n<\/div>\n<\/div>\n<\/div>\n<p>Le informamos que podr\u00e1 revocar en cualquier momento el consentimiento prestado a la recepci\u00f3n de comunicaciones comerciales enviando un e-mail a la direcci\u00f3n de correo electr\u00f3nico: INFO@MARVI93.COM . Podr\u00e1 dirigirse a la Autoridad de Control competente para presentar la reclamaci\u00f3n que considere oportuna. El env\u00edo de estos datos implica la aceptaci\u00f3n de esta cl\u00e1usula.[\/vc_column_text][\/vc_column][vc_column width=\u00bb2\/3&#8243;][mk_contact_form style=\u00bbline\u00bb button_text=\u00bbEnviar\u00bb line_skin_color=\u00bb#172434&#8243; email=\u00bbmarvi93@marvi93.com\u00bb phone=\u00bbtrue\u00bb el_class=\u00bbcontacto-oculto\u00bb][vc_column_text]\n<div class=\"wpcf7 no-js\" id=\"wpcf7-f206-o1\" lang=\"es-ES\" dir=\"ltr\">\n<div class=\"screen-reader-response\"><p role=\"status\" aria-live=\"polite\" aria-atomic=\"true\"><\/p> <ul><\/ul><\/div>\n<form action=\"\/es\/wp-json\/wp\/v2\/pages\/1425#wpcf7-f206-o1\" method=\"post\" class=\"wpcf7-form init cf7-style cf7-style-2777\" id=\"contacto\" aria-label=\"Formulario de contacto\" novalidate=\"novalidate\" data-status=\"init\">\n<div style=\"display: none;\">\n<input type=\"hidden\" name=\"_wpcf7\" value=\"206\" \/>\n<input type=\"hidden\" name=\"_wpcf7_version\" value=\"5.7.7\" \/>\n<input type=\"hidden\" name=\"_wpcf7_locale\" value=\"es_ES\" \/>\n<input type=\"hidden\" name=\"_wpcf7_unit_tag\" value=\"wpcf7-f206-o1\" \/>\n<input type=\"hidden\" name=\"_wpcf7_container_post\" value=\"0\" \/>\n<input type=\"hidden\" name=\"_wpcf7_posted_data_hash\" value=\"\" \/>\n<input type=\"hidden\" name=\"_wpcf7_recaptcha_response\" value=\"\" \/>\n<\/div>\n<p><span class=\"wpcf7-form-control-wrap\" data-name=\"nombre\"><input size=\"40\" class=\"wpcf7-form-control wpcf7-text wpcf7-validates-as-required\" aria-required=\"true\" aria-invalid=\"false\" placeholder=\"Nombre y Apellidos*\" value=\"\" type=\"text\" name=\"nombre\" \/><\/span><span class=\"wpcf7-form-control-wrap\" data-name=\"email\"><input size=\"40\" class=\"wpcf7-form-control wpcf7-text wpcf7-email wpcf7-validates-as-required wpcf7-validates-as-email\" aria-required=\"true\" aria-invalid=\"false\" placeholder=\"Email*\" value=\"\" type=\"email\" name=\"email\" \/><\/span><br \/>\n<span class=\"wpcf7-form-control-wrap\" data-name=\"empresa\"><input size=\"40\" class=\"wpcf7-form-control wpcf7-text\" aria-invalid=\"false\" placeholder=\"Empresa\" value=\"\" type=\"text\" name=\"empresa\" \/><\/span><span class=\"wpcf7-form-control-wrap\" data-name=\"telefono\"><input size=\"40\" class=\"wpcf7-form-control wpcf7-text\" aria-invalid=\"false\" placeholder=\"Tel\u00e9fono\" value=\"\" type=\"text\" name=\"telefono\" \/><\/span><br \/>\n<span class=\"wpcf7-form-control-wrap\" data-name=\"mensaje\"><textarea cols=\"40\" rows=\"10\" class=\"wpcf7-form-control wpcf7-textarea wpcf7-validates-as-required\" aria-required=\"true\" aria-invalid=\"false\" placeholder=\"Mensaje*\" name=\"mensaje\"><\/textarea><\/span><br \/>\n<span class=\"wpcf7-form-control-wrap\" data-name=\"politica\"><span class=\"wpcf7-form-control wpcf7-acceptance\"><span class=\"wpcf7-list-item\"><label><input type=\"checkbox\" name=\"politica\" value=\"1\" aria-invalid=\"false\" \/><span class=\"wpcf7-list-item-label\">Acepto su <a href=\"https:\/\/www.marvi93.com\/es\/condiciones-de-uso\/\" target=\"_blank\">pol\u00edtica de protecci\u00f3n de datos y pol\u00edtica de privacidad.<\/a><\/span><\/label><\/span><\/span><\/span><br \/>\n<span class=\"wpcf7-form-control-wrap\" data-name=\"publicidad\"><span class=\"wpcf7-form-control wpcf7-acceptance optional\"><span class=\"wpcf7-list-item\"><label><input type=\"checkbox\" name=\"publicidad\" value=\"1\" aria-invalid=\"false\" \/><span class=\"wpcf7-list-item-label\">He le\u00eddo y acepto recibir publicidad o informaci\u00f3n promocional de MARVI 93 SL.<\/span><\/label><\/span><\/span><\/span><br \/>\n<input class=\"wpcf7-form-control has-spinner wpcf7-submit\" type=\"submit\" value=\"ENVIAR\" \/>\n<\/p><div class=\"wpcf7-response-output\" aria-hidden=\"true\"><\/div>\n<\/form>\n<\/div>\n[\/vc_column_text][\/vc_column][\/vc_row][vc_row][vc_column][mk_padding_divider size=\u00bb80&#8243;][\/vc_column][\/vc_row]\n<\/section>","protected":false},"excerpt":{"rendered":"<p>[mk_page_section full_width=\u00bbtrue\u00bb padding_top=\u00bb0&#8243; padding_bottom=\u00bb0&#8243; sidebar=\u00bbsidebar-1&#8243;][vc_column][vc_gmaps link=\u00bb#E-8_JTNDaWZyYW1lJTIwc3JjJTNEJTIyaHR0cHMlM0ElMkYlMkZ3d3cuZ29vZ2xlLmNvbSUyRm1hcHMlMkZlbWJlZCUzRnBiJTNEJTIxMW0xNCUyMTFtOCUyMTFtMyUyMTFkNTk4NS43NzQ4NTg1Nzc1NTUlMjEyZDEuOTYzMjQwMDAwMDAwMDAwMyUyMTNkNDEuMzk4MjUxJTIxM20yJTIxMWkxMDI0JTIxMmk3NjglMjE0ZjEzLjElMjEzbTMlMjExbTIlMjExczB4MCUyNTNBMHhlNjI5NWExYmI5ZTU4MTE3JTIxMnNNYXJ2aSUyQjkzJTJCU0wlMjE1ZTAlMjEzbTIlMjExc2VzJTIxMnNlcyUyMTR2MTUwNjU5MTgwOTkyNyUyMiUyMHdpZHRoJTNEJTIyNjAwJTIyJTIwaGVpZ2h0JTNEJTIyNDUwJTIyJTIwZnJhbWVib3JkZXIlM0QlMjIwJTIyJTIwc3R5bGUlM0QlMjJib3JkZXIlM0EwJTIyJTIwYWxsb3dmdWxsc2NyZWVuJTNFJTNDJTJGaWZyYW1lJTNF\u00bb size=\u00bb500&#8243; css=\u00bb.vc_custom_1506592709425{margin-bottom: 0px !important;}\u00bb][\/vc_column][\/mk_page_section][mk_page_section bg_color=\u00bb#2271b3&#8243; min_height=\u00bb0&#8243; sidebar=\u00bbsidebar-1&#8243;][vc_column width=\u00bb1\/3&#8243;][mk_icon_box icon=\u00bbmk-moon-clock-4&#8243; style=\u00bbsimple_ultimate\u00bb icon_size=\u00bblarge\u00bb icon_color=\u00bb#ffffff\u00bb title_color=\u00bb#ffffff\u00bb txt_color=\u00bb#ffffff\u00bb margin=\u00bb0&#8243;] HORARIO DE ATENCI\u00d3N AL CLIENTE De lunes a viernes De 8:00 a 18:00 horas[\/mk_icon_box][\/vc_column][vc_column width=\u00bb1\/3&#8243;][vc_column_text] Recepci\u00f3n de pedidos hasta las 9:00 Entrega almuerzos de 9:00 a 11:00 Entrega comidas de 11:00 a 13:00 [\/vc_column_text][\/vc_column][vc_column [&hellip;]<\/p>\n","protected":false},"author":235,"featured_media":0,"parent":0,"menu_order":0,"comment_status":"closed","ping_status":"closed","template":"","meta":[],"_links":{"self":[{"href":"https:\/\/www.marvi93.com\/es\/wp-json\/wp\/v2\/pages\/1425"}],"collection":[{"href":"https:\/\/www.marvi93.com\/es\/wp-json\/wp\/v2\/pages"}],"about":[{"href":"https:\/\/www.marvi93.com\/es\/wp-json\/wp\/v2\/types\/page"}],"author":[{"embeddable":true,"href":"https:\/\/www.marvi93.com\/es\/wp-json\/wp\/v2\/users\/235"}],"replies":[{"embeddable":true,"href":"https:\/\/www.marvi93.com\/es\/wp-json\/wp\/v2\/comments?post=1425"}],"version-history":[{"count":3,"href":"https:\/\/www.marvi93.com\/es\/wp-json\/wp\/v2\/pages\/1425\/revisions"}],"predecessor-version":[{"id":28485,"href":"https:\/\/www.marvi93.com\/es\/wp-json\/wp\/v2\/pages\/1425\/revisions\/28485"}],"wp:attachment":[{"href":"https:\/\/www.marvi93.com\/es\/wp-json\/wp\/v2\/media?parent=1425"}],"curies":[{"name":"wp","href":"https:\/\/api.w.org\/{rel}","templated":true}]}}