
{"id":1431,"date":"2017-11-08T19:59:59","date_gmt":"2017-11-08T17:59:59","guid":{"rendered":"http:\/\/www.marvi93.com\/?page_id=1431"},"modified":"2024-10-07T16:37:07","modified_gmt":"2024-10-07T14:37:07","slug":"inicio-2-2-2","status":"publish","type":"page","link":"https:\/\/www.marvi93.com\/es\/","title":{"rendered":"Inicio"},"content":{"rendered":"<section class=\"wpb-content-wrapper\">[mk_page_section bg_image=\u00bbhttp:\/\/www.marvi93.com\/wp-content\/uploads\/2017\/09\/vegetal.jpg\u00bb bg_position=\u00bbcenter top\u00bb bg_repeat=\u00bbno-repeat\u00bb bg_stretch=\u00bbtrue\u00bb full_height=\u00bbtrue\u00bb sidebar=\u00bbsidebar-1&#8243;][vc_column width=\u00bb1\/2&#8243;][mk_fancy_title tag_name=\u00bbh1&#8243; color=\u00bb#2271b3&#8243; size=\u00bb60&#8243; force_font_size=\u00bbtrue\u00bb size_tablet=\u00bb60&#8243; size_phone=\u00bb30&#8243; line_height=\u00bb90&#8243; font_weight=\u00bbbold\u00bb txt_transform=\u00bbuppercase\u00bb margin_bottom=\u00bb0&#8243; font_family=\u00bbnone\u00bb el_class=\u00bbsombra\u00bb]\u00a1Somos proximidad![\/mk_fancy_title][mk_fancy_title tag_name=\u00bbh4&#8243; color=\u00bb#2271b3&#8243; size=\u00bb30&#8243; force_font_size=\u00bbtrue\u00bb size_tablet=\u00bb20&#8243; size_phone=\u00bb15&#8243; font_weight=\u00bb400&#8243; txt_transform=\u00bbuppercase\u00bb font_family=\u00bbnone\u00bb]servicios de catering y vending[\/mk_fancy_title][mk_button dimension=\u00bbflat\u00bb size=\u00bblarge\u00bb url=\u00bbhttp:\/\/www.marvi93.com\/es\/quienes-somos\/\u00bb bg_color=\u00bbrgba(34,113,179,0.8)\u00bb btn_hover_bg=\u00bb#1c1a1b\u00bb btn_hover_txt_color=\u00bb#f7e5d9&#8243;]M\u00c1S INFORMACI\u00d3N[\/mk_button][\/vc_column][vc_column width=\u00bb1\/2&#8243;][vc_video title=\u00bbVIDEO PRESENTACI\u00d3N CORPORATIVA\u00bb link=\u00bbhttps:\/\/www.youtube.com\/watch?v=OoY5CpEyp5c\u00bb custom_thumbnail=\u00bbtrue\u00bb play_icon=\u00bbmk-icon-youtube-play\u00bb play_icon_size=\u00bb64&#8243; thumbnail_image=\u00bb18779&#8243;][\/vc_column][\/mk_page_section][vc_row fullwidth=\u00bbtrue\u00bb fullwidth_content=\u00bbfalse\u00bb css=\u00bb.vc_custom_1478617961286{background: #242323 url(http:\/\/demos.artbees.net\/jupiter5\/themis\/wp-content\/uploads\/sites\/148\/2016\/11\/pattern-bg-light.png?id=42) !important;background-position: 0 0 !important;background-repeat: repeat !important;}\u00bb][vc_column width=\u00bb1\/12&#8243;][\/vc_column][vc_column width=\u00bb5\/12&#8243;][mk_padding_divider size=\u00bb140&#8243;][mk_image src=\u00bbhttp:\/\/www.marvi93.com\/wp-content\/uploads\/2016\/11\/servicios-de-vending.jpg\u00bb image_size=\u00bbfull\u00bb margin_bottom=\u00bb0&#8243;][mk_custom_box padding_horizental=\u00bb30&#8243; margin_bottom=\u00bb0&#8243; bg_color=\u00bb#ffffff\u00bb][mk_fancy_title tag_name=\u00bbh4&#8243; color=\u00bb#fbb629&#8243; size=\u00bb22&#8243; force_font_size=\u00bbtrue\u00bb size_tablet=\u00bb20&#8243; size_phone=\u00bb20&#8243; font_weight=\u00bbbold\u00bb txt_transform=\u00bbuppercase\u00bb margin_bottom=\u00bb0&#8243; font_family=\u00bbnone\u00bb responsive_align=\u00bbleft\u00bb]Servicios de Vending[\/mk_fancy_title][vc_column_text css=\u00bb.vc_custom_1695665594626{margin-bottom: 0px !important;}\u00bb]Ofrecemos un servicio de calidad. Priorizamos los productos de proximidad, ecol\u00f3gicos y artesanales. Trabajamos con primeras marcas y nuestras m\u00e1quinas incorporan la \u00faltima tecnolog\u00eda, estando dise\u00f1adas para dispensar un producto de alta gama y generar un agradable impacto visual, integr\u00e1ndose en el entorno de las zonas habilitadas para el descanso&#8230;<\/p>\n<p><a href=\"https:\/\/www.marvi93.com\/es\/servicios-vending-en-barcelona\/\"><strong>+ informaci\u00f3n<\/strong><\/a>[\/vc_column_text][\/mk_custom_box][mk_padding_divider size=\u00bb80&#8243;][mk_custom_box bg_color=\u00bb#2271b3&#8243;][mk_fancy_title color=\u00bb#fbb629&#8243; size=\u00bb26&#8243; font_weight=\u00bbbold\u00bb margin_bottom=\u00bb0&#8243; font_family=\u00bbOpen+Sans+Condensed\u00bb font_type=\u00bbgoogle\u00bb align=\u00bbcenter\u00bb]RECEPCI\u00d3N PEDIDOS<\/p>\n<h5 style=\"text-align: center;\"><\/h5>\n[\/mk_fancy_title][mk_fancy_title color=\u00bb#fbb629&#8243; size=\u00bb18&#8243; font_weight=\u00bbbold\u00bb margin_bottom=\u00bb0&#8243; font_family=\u00bbOpen+Sans+Condensed\u00bb font_type=\u00bbgoogle\u00bb align=\u00bbcenter\u00bb]COMIDAS PARA EMPRESAS[\/mk_fancy_title][vc_column_text align=\u00bbcenter\u00bb]\n<p style=\"text-align: center;\"><span style=\"color: #fbb629;\">Los pedidos se podr\u00e1n realizar de 13 a 9,30 h., <\/span><span style=\"color: #fbb629;\">entrega de 12 a 14 h.<\/span><\/p>\n[\/vc_column_text][mk_fancy_title color=\u00bb#fbb629&#8243; size=\u00bb26&#8243; font_weight=\u00bbbold\u00bb margin_bottom=\u00bb0&#8243; font_family=\u00bbOpen+Sans+Condensed\u00bb font_type=\u00bbgoogle\u00bb align=\u00bbcenter\u00bb]SERVICIO S\u00d3LO D\u00cdAS LABORABLES[\/mk_fancy_title][\/mk_custom_box][mk_padding_divider visibility=\u00bbhidden-sm\u00bb][mk_custom_box bg_color=\u00bb#2271b3&#8243;][mk_fancy_title color=\u00bb#fbb629&#8243; size=\u00bb26&#8243; font_weight=\u00bbbold\u00bb margin_bottom=\u00bb0&#8243; font_family=\u00bbOpen+Sans+Condensed\u00bb font_type=\u00bbgoogle\u00bb align=\u00bbcenter\u00bb]SERVIMOS A LAS SIGUIENTES POBLACIONES[\/mk_fancy_title][mk_fancy_title tag_name=\u00bbspan\u00bb color=\u00bb#ffffff\u00bb size=\u00bb18&#8243; font_family=\u00bbnone\u00bb]Abrera, Castellbisbal, Castelldefels, Cervell\u00f3, Corbera, Cornell\u00e0, El Papiol, El Prat de Llobregat, Esparraguera, Esplugues, Gav\u00e0, Hospitalet de Llobregat, La Palma, Martorell, Molins de Rei, Olesa de Montserrat, Pallej\u00e0, Rub\u00ed, Sant Andreu de la Barca, Sant Boi, Sant Cugat, Sant Feliu de Llobregat, Sant Esteve Sesrovires, Sant Just, Sant Vicen\u00e7 dels Horts, Vallirana, Viladecans, Zona Franca (BCN)[\/mk_fancy_title][\/mk_custom_box][\/vc_column][vc_column width=\u00bb1\/12&#8243;][\/vc_column][vc_column width=\u00bb5\/12&#8243;][mk_padding_divider size=\u00bb165&#8243; visibility=\u00bbhidden-sm\u00bb][mk_padding_divider size=\u00bb80&#8243;][mk_image src=\u00bbhttp:\/\/www.marvi93.com\/wp-content\/uploads\/2017\/09\/dinar-estandard.jpg\u00bb image_size=\u00bbfull\u00bb margin_bottom=\u00bb0&#8243;][mk_custom_box padding_horizental=\u00bb30&#8243; margin_bottom=\u00bb0&#8243; bg_color=\u00bb#ffffff\u00bb][mk_fancy_title tag_name=\u00bbh4&#8243; color=\u00bb#fbb629&#8243; size=\u00bb22&#8243; force_font_size=\u00bbtrue\u00bb size_tablet=\u00bb20&#8243; size_phone=\u00bb20&#8243; font_weight=\u00bbbold\u00bb txt_transform=\u00bbuppercase\u00bb margin_bottom=\u00bb0&#8243; font_family=\u00bbnone\u00bb responsive_align=\u00bbleft\u00bb]Servicios de Catering[\/mk_fancy_title][vc_column_text css=\u00bb.vc_custom_1695665616245{margin-bottom: 0px !important;}\u00bb]Traemos a las empresas los almuerzos y comidas de sus empleados (bocadillos y men\u00fas). Distribuimos a industrias, oficinas, escuelas y colectividades, tanto por el servicio diario como por acontecimientos puntuales&#8230;<\/p>\n<p><a href=\"https:\/\/www.marvi93.com\/es\/empresa-de-catering\/\"><strong>+ informaci\u00f3n<\/strong><\/a>[\/vc_column_text][\/mk_custom_box][mk_padding_divider size=\u00bb80&#8243;][mk_fancy_title tag_name=\u00bbh3&#8243; color=\u00bb#f7e5d9&#8243; size=\u00bb44&#8243; force_font_size=\u00bbtrue\u00bb size_phone=\u00bb25&#8243; line_height=\u00bb90&#8243; font_weight=\u00bbbold\u00bb txt_transform=\u00bbuppercase\u00bb margin_bottom=\u00bb10&#8243; font_family=\u00bbnone\u00bb]tienda[\/mk_fancy_title][mk_fancy_title tag_name=\u00bbh3&#8243; color=\u00bb#f7e5d9&#8243; size=\u00bb24&#8243; force_font_size=\u00bbtrue\u00bb size_phone=\u00bb25&#8243; line_height=\u00bb90&#8243; font_weight=\u00bbbold\u00bb txt_transform=\u00bbuppercase\u00bb font_family=\u00bbnone\u00bb]Haz clic y come[\/mk_fancy_title][vc_row_inner][vc_column_inner width=\u00bb1\/2&#8243; css=\u00bb.vc_custom_1507973330028{padding-left: 0px !important;}\u00bb][mk_flipbox back_background_color=\u00bb#2271b3&#8243; min_height=\u00bb207&#8243; image=\u00bbhttp:\/\/www.marvi93.com\/wp-content\/uploads\/2016\/11\/tonyina-amb-pebrot-cuadrada.jpg\u00bb front_title_color=\u00bb#ffffff\u00bb back_title=\u00bbBOCADILLOS\u00bb back_title_color=\u00bb#ffffff\u00bb back_desc_color=\u00bb#ffffff\u00bb button_url=\u00bbhttps:\/\/www.marvi93.com\/es\/cat\/bocadillos\/\u00bb button_text=\u00bb+ informaci\u00f3n\u00bb][\/vc_column_inner][vc_column_inner width=\u00bb1\/2&#8243; css=\u00bb.vc_custom_1507973338675{padding-right: 0px !important;}\u00bb][mk_flipbox back_background_color=\u00bb#2271b3&#8243; min_height=\u00bb207&#8243; image=\u00bbhttp:\/\/www.marvi93.com\/wp-content\/uploads\/2016\/11\/esmorzars-i-dinars-e1507547029971.jpg\u00bb front_title_color=\u00bb#ffffff\u00bb back_title=\u00bbMEN\u00daS\u00bb back_title_color=\u00bb#ffffff\u00bb back_desc_color=\u00bb#ffffff\u00bb button_url=\u00bbhttps:\/\/www.marvi93.com\/es\/cat\/menus-es\/\u00bb button_text=\u00bb+ informaci\u00f3n\u00bb][\/vc_column_inner][\/vc_row_inner][mk_padding_divider size=\u00bb25&#8243;][vc_btn title=\u00bbDESCARGA AQU\u00cd LOS MENUS DE ESTE MES\u00bb style=\u00bbcustom\u00bb custom_background=\u00bb#2271b3&#8243; custom_text=\u00bb#ffffff\u00bb shape=\u00bbsquare\u00bb size=\u00bblg\u00bb align=\u00bbcenter\u00bb button_block=\u00bbtrue\u00bb link=\u00bburl:https%3A%2F%2Fwww.marvi93.com%2Fwp-content%2Fuploads%2F2024%2F04%2Fabril-2024.pdf|target:_blank\u00bb][mk_padding_divider size=\u00bb80&#8243;][mk_padding_divider size=\u00bb80&#8243;][mk_button size=\u00bbx-large\u00bb url=\u00bbhttps:\/\/acumbamail.com\/newform\/web\/6789d5fc-c529-11e2-b829-02163e4563a2\/9541\/\u00bb target=\u00bb_blank\u00bb align=\u00bbcenter\u00bb bg_color=\u00bb#2271b3&#8243;]SUBSCR\u00cdBETE A NUESTRO BOLET\u00cdN. HAZ CLIK[\/mk_button][mk_button size=\u00bbx-large\u00bb url=\u00bbhttps:\/\/www.marvi93.com\/es\/trabaja-con-nosotros-estamos-buscando-gente-como-tu\/\u00bb target=\u00bb_blank\u00bb align=\u00bbcenter\u00bb bg_color=\u00bb#2271b3&#8243;]TRABAJA CON NOSOTROS. ENVIA TU C.V[\/mk_button][\/vc_column][\/vc_row][vc_row][vc_column][mk_button_gradient size=\u00bblarge\u00bb grandient_color_from=\u00bb#000000&#8243; grandient_color_fallback=\u00bb#1e73be\u00bb text_color=\u00bbdark\u00bb url=\u00bbhttps:\/\/www.marvi93.com\/es\/pagos\/\u00bb target=\u00bb_blank\u00bb align=\u00bbcenter\u00bb button_custom_width=\u00bb300&#8243; margin_top=\u00bb15&#8243;]PAGOS ACONTECIMIENTOS[\/mk_button_gradient][\/vc_column][\/vc_row][vc_row fullwidth=\u00bbtrue\u00bb fullwidth_content=\u00bbfalse\u00bb css=\u00bb.vc_custom_1478618315659{background: #242323 url(http:\/\/demos.artbees.net\/jupiter5\/themis\/wp-content\/uploads\/sites\/148\/2016\/11\/pattern-bg-light.png?id=42) !important;background-position: 0 0 !important;background-repeat: repeat !important;}\u00bb][vc_column][mk_padding_divider size=\u00bb80&#8243;][mk_fancy_title color=\u00bb#ffffff\u00bb size=\u00bb90&#8243; force_font_size=\u00bbtrue\u00bb size_tablet=\u00bb60&#8243; size_phone=\u00bb30&#8243; font_weight=\u00bbbold\u00bb txt_transform=\u00bbuppercase\u00bb font_family=\u00bbnone\u00bb]servicios[\/mk_fancy_title][vc_row_inner][vc_column_inner width=\u00bb1\/3&#8243;][mk_flipbox back_background_color=\u00bb#2271b3&#8243; min_height=\u00bb255&#8243; image=\u00bbhttp:\/\/www.marvi93.com\/wp-content\/uploads\/2016\/11\/esmorzars-i-dinars-e1507547029971.jpg\u00bb front_title_color=\u00bb#ffffff\u00bb back_title=\u00bbALMUERZOS Y COMIDAS\u00bb back_title_color=\u00bb#ffffff\u00bb back_desc_color=\u00bb#ffffff\u00bb button_url=\u00bbhttps:\/\/www.marvi93.com\/es\/empresa-de-catering\/catering-de-comidas\/\u00bb button_text=\u00bb+ informaci\u00f3n\u00bb][\/vc_column_inner][vc_column_inner width=\u00bb1\/3&#8243;][mk_flipbox back_background_color=\u00bb#2271b3&#8243; min_height=\u00bb255&#8243; image=\u00bbhttp:\/\/www.marvi93.com\/wp-content\/uploads\/2016\/11\/esdeveniments.jpg\u00bb front_title_color=\u00bb#ffffff\u00bb back_title=\u00bbACONTECIMIENTOS\u00bb back_title_color=\u00bb#ffffff\u00bb back_desc_color=\u00bb#ffffff\u00bb button_url=\u00bbhttps:\/\/www.marvi93.com\/es\/empresa-de-catering\/catering-para-eventos\/\u00bb button_text=\u00bb+ informaci\u00f3n\u00bb][\/vc_column_inner][vc_column_inner width=\u00bb1\/3&#8243;][mk_flipbox back_background_color=\u00bb#2271b3&#8243; min_height=\u00bb255&#8243; image=\u00bbhttp:\/\/www.marvi93.com\/wp-content\/uploads\/2016\/11\/cafes-infusions-i-xocolata.jpg\u00bb front_title_color=\u00bb#ffffff\u00bb back_title=\u00bbCAF\u00c9S, INFUSIONES Y CHOCOLATE\u00bb back_title_color=\u00bb#ffffff\u00bb back_desc_color=\u00bb#ffffff\u00bb button_url=\u00bbhttps:\/\/www.marvi93.com\/es\/servicios-vending-en-barcelona\/maquinas-expendedoras-de-cafe\/\u00bb button_text=\u00bb+ informaci\u00f3n\u00bb][\/vc_column_inner][\/vc_row_inner][mk_padding_divider size=\u00bb30&#8243;][vc_row_inner][vc_column_inner width=\u00bb1\/3&#8243;][mk_flipbox back_background_color=\u00bb#2271b3&#8243; min_height=\u00bb255&#8243; image=\u00bbhttp:\/\/www.marvi93.com\/wp-content\/uploads\/2016\/11\/snacks-i-elaboracio-propia.jpg\u00bb front_title_color=\u00bb#ffffff\u00bb back_title=\u00bbSNACKS Y ELABORACI\u00d3N PROPIA\u00bb back_title_color=\u00bb#ffffff\u00bb back_desc_color=\u00bb#ffffff\u00bb button_url=\u00bbhttps:\/\/www.marvi93.com\/es\/servicios-vending-en-barcelona\/maquinas-expendedoras-de-comida\/\u00bb button_text=\u00bb+ informaci\u00f3n\u00bb][\/vc_column_inner][vc_column_inner width=\u00bb1\/3&#8243;][mk_flipbox back_background_color=\u00bb#2271b3&#8243; min_height=\u00bb255&#8243; image=\u00bbhttp:\/\/www.marvi93.com\/wp-content\/uploads\/2016\/11\/mg_2791-e1507547390494.jpg\u00bb front_title_color=\u00bb#ffffff\u00bb back_title=\u00bbREFRESCOS Y AGUA\u00bb back_title_color=\u00bb#ffffff\u00bb back_desc_color=\u00bb#ffffff\u00bb button_url=\u00bbhttps:\/\/www.marvi93.com\/es\/servicios-vending-en-barcelona\/maquinas-expendedoras-de-bebidas\/\u00bb button_text=\u00bb+ informaci\u00f3n\u00bb][\/vc_column_inner][vc_column_inner width=\u00bb1\/3&#8243;][mk_flipbox back_background_color=\u00bb#2271b3&#8243; min_height=\u00bb255&#8243; image=\u00bbhttp:\/\/www.marvi93.com\/wp-content\/uploads\/2016\/11\/drops-of-water-578897-e1507547474468.jpg\u00bb front_title_color=\u00bb#ffffff\u00bb back_title=\u00bbFUENTES DE OSMOSIS\u00bb back_title_color=\u00bb#ffffff\u00bb back_desc_color=\u00bb#ffffff\u00bb button_url=\u00bbhttps:\/\/www.marvi93.com\/es\/servicios-vending-en-barcelona\/fuentes-de-osmosis\/\u00bb button_text=\u00bb+ informaci\u00f3n\u00bb][\/vc_column_inner][\/vc_row_inner][mk_padding_divider size=\u00bb80&#8243;][\/vc_column][\/vc_row][vc_row][vc_column][mk_padding_divider size=\u00bb80&#8243;][mk_fancy_title color=\u00bb#242323&#8243; size=\u00bb45&#8243; force_font_size=\u00bbtrue\u00bb size_tablet=\u00bb30&#8243; size_phone=\u00bb18&#8243; font_weight=\u00bbbold\u00bb txt_transform=\u00bbuppercase\u00bb font_family=\u00bbnone\u00bb align=\u00bbcenter\u00bb]nuestras m\u00e1quinas de vending[\/mk_fancy_title][\/vc_column][\/vc_row][mk_page_section sidebar=\u00bbsidebar-1&#8243;][vc_column width=\u00bb2\/3&#8243;][vc_row_inner][vc_column_inner width=\u00bb1\/3&#8243;][vc_single_image image=\u00bb3687&#8243; img_size=\u00bbfull\u00bb alignment=\u00bbcenter\u00bb onclick=\u00bblink_image\u00bb][\/vc_column_inner][vc_column_inner width=\u00bb1\/3&#8243;][vc_single_image image=\u00bb3689&#8243; img_size=\u00bbfull\u00bb alignment=\u00bbcenter\u00bb onclick=\u00bblink_image\u00bb][\/vc_column_inner][vc_column_inner width=\u00bb1\/3&#8243;][vc_single_image image=\u00bb3691&#8243; img_size=\u00bbfull\u00bb alignment=\u00bbcenter\u00bb onclick=\u00bblink_image\u00bb][\/vc_column_inner][\/vc_row_inner][\/vc_column][vc_column width=\u00bb1\/3&#8243;][vc_row_inner][vc_column_inner][vc_single_image image=\u00bb3694&#8243; img_size=\u00bbfull\u00bb alignment=\u00bbcenter\u00bb onclick=\u00bblink_image\u00bb][\/vc_column_inner][\/vc_row_inner][\/vc_column][\/mk_page_section][vc_row fullwidth=\u00bbtrue\u00bb fullwidth_content=\u00bbfalse\u00bb css=\u00bb.vc_custom_1507547664081{background: #2d2c2c url(http:\/\/demos.artbees.net\/jupiter5\/themis\/wp-content\/uploads\/sites\/148\/2016\/11\/pattern-bg-dark.png?id=41) !important;background-position: 0 0 !important;background-repeat: repeat !important;}\u00bb][vc_column][mk_padding_divider size=\u00bb80&#8243;][mk_fancy_title color=\u00bb#ffffff\u00bb size=\u00bb90&#8243; force_font_size=\u00bbtrue\u00bb size_tablet=\u00bb60&#8243; size_phone=\u00bb30&#8243; font_weight=\u00bbbold\u00bb txt_transform=\u00bbuppercase\u00bb font_family=\u00bbnone\u00bb]noticias y novedades[\/mk_fancy_title][mk_padding_divider size=\u00bb80&#8243;][mk_blog style=\u00bbgrid\u00bb column=\u00bb4&#8243; grid_image_height=\u00bb300&#8243; post_count=\u00bb4&#8243; disable_meta=\u00bbfalse\u00bb pagination_style=\u00bb2&#8243;][\/vc_column][\/vc_row][vc_row fullwidth=\u00bbtrue\u00bb][vc_column][vc_gmaps link=\u00bb#E-8_JTNDaWZyYW1lJTIwc3JjJTNEJTIyaHR0cHMlM0ElMkYlMkZ3d3cuZ29vZ2xlLmNvbSUyRm1hcHMlMkZlbWJlZCUzRnBiJTNEJTIxMW0xNCUyMTFtOCUyMTFtMyUyMTFkNTk4NS43MzE4NjgzMTc0NzIlMjEyZDEuOTU4OTkxMzgwOTIwNDEwNSUyMTNkNDEuMzk4NzE3Nzg0MzY5NjglMjEzbTIlMjExaTEwMjQlMjEyaTc2OCUyMTRmMTMuMSUyMTNtMyUyMTFtMiUyMTFzMHgwJTI1M0EweGU2Mjk1YTFiYjllNTgxMTclMjEyc01hcnZpJTJCOTMlMkJTTCUyMTVlMCUyMTNtMiUyMTFzZXMlMjEyc2VzJTIxNHYxNTA1MTQ5MjIwNjY2JTIyJTIwd2lkdGglM0QlMjI2MDAlMjIlMjBoZWlnaHQlM0QlMjI0NTAlMjIlMjBmcmFtZWJvcmRlciUzRCUyMjAlMjIlMjBzdHlsZSUzRCUyMmJvcmRlciUzQTAlMjIlMjBhbGxvd2Z1bGxzY3JlZW4lM0UlM0MlMkZpZnJhbWUlM0U=\u00bb size=\u00bb500&#8243;][\/vc_column][\/vc_row]\n<\/section>","protected":false},"excerpt":{"rendered":"<p>[mk_page_section bg_image=\u00bbhttp:\/\/www.marvi93.com\/wp-content\/uploads\/2017\/09\/vegetal.jpg\u00bb bg_position=\u00bbcenter top\u00bb bg_repeat=\u00bbno-repeat\u00bb bg_stretch=\u00bbtrue\u00bb full_height=\u00bbtrue\u00bb sidebar=\u00bbsidebar-1&#8243;][vc_column width=\u00bb1\/2&#8243;][mk_fancy_title tag_name=\u00bbh1&#8243; color=\u00bb#2271b3&#8243; size=\u00bb60&#8243; force_font_size=\u00bbtrue\u00bb size_tablet=\u00bb60&#8243; size_phone=\u00bb30&#8243; line_height=\u00bb90&#8243; font_weight=\u00bbbold\u00bb txt_transform=\u00bbuppercase\u00bb margin_bottom=\u00bb0&#8243; font_family=\u00bbnone\u00bb el_class=\u00bbsombra\u00bb]\u00a1Somos proximidad![\/mk_fancy_title][mk_fancy_title tag_name=\u00bbh4&#8243; color=\u00bb#2271b3&#8243; size=\u00bb30&#8243; force_font_size=\u00bbtrue\u00bb size_tablet=\u00bb20&#8243; size_phone=\u00bb15&#8243; font_weight=\u00bb400&#8243; txt_transform=\u00bbuppercase\u00bb font_family=\u00bbnone\u00bb]servicios de catering y vending[\/mk_fancy_title][mk_button dimension=\u00bbflat\u00bb size=\u00bblarge\u00bb url=\u00bbhttp:\/\/www.marvi93.com\/es\/quienes-somos\/\u00bb bg_color=\u00bbrgba(34,113,179,0.8)\u00bb btn_hover_bg=\u00bb#1c1a1b\u00bb btn_hover_txt_color=\u00bb#f7e5d9&#8243;]M\u00c1S INFORMACI\u00d3N[\/mk_button][\/vc_column][vc_column width=\u00bb1\/2&#8243;][vc_video title=\u00bbVIDEO PRESENTACI\u00d3N CORPORATIVA\u00bb link=\u00bbhttps:\/\/www.youtube.com\/watch?v=OoY5CpEyp5c\u00bb custom_thumbnail=\u00bbtrue\u00bb play_icon=\u00bbmk-icon-youtube-play\u00bb play_icon_size=\u00bb64&#8243; thumbnail_image=\u00bb18779&#8243;][\/vc_column][\/mk_page_section][vc_row fullwidth=\u00bbtrue\u00bb fullwidth_content=\u00bbfalse\u00bb css=\u00bb.vc_custom_1478617961286{background: #242323 [&hellip;]<\/p>\n","protected":false},"author":235,"featured_media":0,"parent":0,"menu_order":0,"comment_status":"closed","ping_status":"closed","template":"","meta":[],"_links":{"self":[{"href":"https:\/\/www.marvi93.com\/es\/wp-json\/wp\/v2\/pages\/1431"}],"collection":[{"href":"https:\/\/www.marvi93.com\/es\/wp-json\/wp\/v2\/pages"}],"about":[{"href":"https:\/\/www.marvi93.com\/es\/wp-json\/wp\/v2\/types\/page"}],"author":[{"embeddable":true,"href":"https:\/\/www.marvi93.com\/es\/wp-json\/wp\/v2\/users\/235"}],"replies":[{"embeddable":true,"href":"https:\/\/www.marvi93.com\/es\/wp-json\/wp\/v2\/comments?post=1431"}],"version-history":[{"count":87,"href":"https:\/\/www.marvi93.com\/es\/wp-json\/wp\/v2\/pages\/1431\/revisions"}],"predecessor-version":[{"id":60692,"href":"https:\/\/www.marvi93.com\/es\/wp-json\/wp\/v2\/pages\/1431\/revisions\/60692"}],"wp:attachment":[{"href":"https:\/\/www.marvi93.com\/es\/wp-json\/wp\/v2\/media?parent=1431"}],"curies":[{"name":"wp","href":"https:\/\/api.w.org\/{rel}","templated":true}]}}