
{"id":1435,"date":"2017-11-08T20:02:02","date_gmt":"2017-11-08T18:02:02","guid":{"rendered":"http:\/\/www.marvi93.com\/?page_id=1435"},"modified":"2024-02-29T18:10:30","modified_gmt":"2024-02-29T17:10:30","slug":"quienes-somos","status":"publish","type":"page","link":"https:\/\/www.marvi93.com\/es\/quienes-somos\/","title":{"rendered":"Quienes somos"},"content":{"rendered":"<section class=\"wpb-content-wrapper\">[mk_page_section bg_image=\u00bbhttp:\/\/www.marvi93.com\/wp-content\/uploads\/2017\/08\/quienes-somos.jpg\u00bb bg_color=\u00bbrgba(0,0,0,0.2)\u00bb blend_mode=\u00bboverlay\u00bb bg_position=\u00bbcenter top\u00bb bg_repeat=\u00bbno-repeat\u00bb bg_stretch=\u00bbtrue\u00bb min_height=\u00bb500&#8243; js_vertical_centered=\u00bbtrue\u00bb padding_top=\u00bb0&#8243; padding_bottom=\u00bb0&#8243; sidebar=\u00bbsidebar-1&#8243;][vc_column][mk_fancy_title tag_name=\u00bbh1&#8243; color=\u00bb#fbb629&#8243; size=\u00bb50&#8243; font_weight=\u00bbbold\u00bb font_family=\u00bbnone\u00bb align=\u00bbcenter\u00bb animation=\u00bbbottom-to-top\u00bb el_class=\u00bbsombra\u00bb]QUIENES SOMOS[\/mk_fancy_title][\/vc_column][\/mk_page_section][mk_page_section sidebar=\u00bbsidebar-1&#8243;][vc_column][mk_padding_divider][vc_row_inner][vc_column_inner][mk_fancy_title size=\u00bb24&#8243; font_family=\u00bbOpen+Sans+Condensed\u00bb font_type=\u00bbgoogle\u00bb align=\u00bbcenter\u00bb]<b>Marvi 93<\/b><span style=\"font-weight: 400;\"> somos una empresa de <\/span><i><span style=\"font-weight: 400;\">vending c<\/span><\/i><span style=\"font-weight: 400;\">reada en 1993 en Cervell\u00f3, comarca del Baix Llobregat (Barcelona).<\/span>[\/mk_fancy_title][vc_column_text css=\u00bb.vc_custom_1709226625155{margin-bottom: 0px !important;}\u00bb]<span style=\"font-weight: 400;\">El \u00e1mbito de distribuci\u00f3n de nuestros productos es toda la provincia de Barcelona, estamos muy presentes en el Barcelon\u00e9s, Baix Llobregat, Pened\u00e9s, Vall\u00e9s Oriental y Occidental.<\/span><\/p>\n<p><span style=\"font-weight: 400;\">Disponemos de un equipo humano con una amplia formaci\u00f3n y experiencia profesional que nos permite ofrecer un nivel \u00f3ptimo del servicio. La estabilidad de ocupaci\u00f3n nos aporta conocimiento de nuestros clientes generando confianza y garant\u00eda de un trato personalizado.<\/span><\/p>\n<p><span style=\"font-weight: 400;\">Ofrecemos un servicio de calidad. Priorizamos los productos de proximidad, ecol\u00f3gicos y artesanales. Trabajamos con primeras marcas y nuestras m\u00e1quinas incorporan la \u00faltima tecnolog\u00eda, estando dise\u00f1adas para dispensar un producto de alta gama y generar un agradable impacto visual, integr\u00e1ndose en el entorno de las zonas habilitadas para el descanso.<\/span><\/p>\n<p><span style=\"font-weight: 400;\">Tenemos a disposici\u00f3n de nuestros clientes una amplia <\/span><a href=\"http:\/\/www.marvi93.com\/es\/vending-es\/\"><b>gama de servicios de <\/b><b><i>vending<\/i><\/b><\/a><span style=\"font-weight: 400;\"> (m\u00e1quinas expendedoras de caf\u00e9 y bebidas calientes, snacks, bebidas fr\u00edas y agua, fuentes de osmosis y servicio de catering). <\/span><\/p>\n<p><span style=\"font-weight: 400;\">Ampliar los servicios es nuestra prioridad y por eso estamos potenciando el <strong><a href=\"http:\/\/www.marvi93.com\/es\/catering-es\/\">servicio de catering<\/a><\/strong>. Llevamos a las empresas la comida de sus empleados (bocadillos y men\u00fas). Distribuimos a industrias, oficinas, colegios y colectividades, tanto para el servicio diario como para acontecimientos puntuales.<\/span><\/p>\n<p><span style=\"font-weight: 400;\">Somos exigentes y nos obligamos a cumplir con normativas en cuanto al registro sanitario, an\u00e1lisis de puntos cr\u00edticos (appcc), el control en todo momento de la producci\u00f3n, transformaci\u00f3n, manipulaci\u00f3n y distribuci\u00f3n de nuestros alimentos, entre otros aspectos.<\/span><\/p>\n<p><span style=\"font-weight: 400;\">Estamos sensibilizados en la ayuda de los m\u00e1s necesidades, por este motivo colaboramos en varias ONG\u00b4s como M\u00e9dicos sin Fronteras, Cruz Roja o el Banco de Alimentos.<\/span><\/p>\n<p><span style=\"font-weight: 400;\">Si est\u00e1 buscando una empresa que cubra sus necesidades en servicio de <\/span><i><span style=\"font-weight: 400;\">vending<\/span><\/i><span style=\"font-weight: 400;\"> y\/o catering en <\/span><b>Marvi 93<\/b><span style=\"font-weight: 400;\"> le ofrecemos una soluci\u00f3n integral, s\u00f3lo tiene que llenar a <\/span><a href=\"http:\/\/www.marvi93.com\/es\/contacto\/\"><b>nuestro formulario<\/b><\/a><span style=\"font-weight: 400;\"> porque nos ponemos en contacto con usted, o si lo prefiere, nos puede llamar al tel\u00e9fono <\/span><a href=\"tel:936833232\"><b>93 683 32 32<\/b><\/a><span style=\"font-weight: 400;\"> donde le atenderemos personalmente.<\/span>[\/vc_column_text][\/vc_column_inner][\/vc_row_inner][mk_padding_divider][\/vc_column][\/mk_page_section]\n<\/section>","protected":false},"excerpt":{"rendered":"<p>[mk_page_section bg_image=\u00bbhttp:\/\/www.marvi93.com\/wp-content\/uploads\/2017\/08\/quienes-somos.jpg\u00bb bg_color=\u00bbrgba(0,0,0,0.2)\u00bb blend_mode=\u00bboverlay\u00bb bg_position=\u00bbcenter top\u00bb bg_repeat=\u00bbno-repeat\u00bb bg_stretch=\u00bbtrue\u00bb min_height=\u00bb500&#8243; js_vertical_centered=\u00bbtrue\u00bb padding_top=\u00bb0&#8243; padding_bottom=\u00bb0&#8243; sidebar=\u00bbsidebar-1&#8243;][vc_column][mk_fancy_title tag_name=\u00bbh1&#8243; color=\u00bb#fbb629&#8243; size=\u00bb50&#8243; font_weight=\u00bbbold\u00bb font_family=\u00bbnone\u00bb align=\u00bbcenter\u00bb animation=\u00bbbottom-to-top\u00bb el_class=\u00bbsombra\u00bb]QUIENES SOMOS[\/mk_fancy_title][\/vc_column][\/mk_page_section][mk_page_section sidebar=\u00bbsidebar-1&#8243;][vc_column][mk_padding_divider][vc_row_inner][vc_column_inner][mk_fancy_title size=\u00bb24&#8243; font_family=\u00bbOpen+Sans+Condensed\u00bb font_type=\u00bbgoogle\u00bb align=\u00bbcenter\u00bb]Marvi 93 somos una empresa de vending creada en 1993 en Cervell\u00f3, comarca del Baix Llobregat (Barcelona).[\/mk_fancy_title][vc_column_text css=\u00bb.vc_custom_1709226625155{margin-bottom: 0px !important;}\u00bb]El \u00e1mbito de distribuci\u00f3n de nuestros productos es toda la [&hellip;]<\/p>\n","protected":false},"author":235,"featured_media":0,"parent":0,"menu_order":0,"comment_status":"closed","ping_status":"closed","template":"","meta":[],"_links":{"self":[{"href":"https:\/\/www.marvi93.com\/es\/wp-json\/wp\/v2\/pages\/1435"}],"collection":[{"href":"https:\/\/www.marvi93.com\/es\/wp-json\/wp\/v2\/pages"}],"about":[{"href":"https:\/\/www.marvi93.com\/es\/wp-json\/wp\/v2\/types\/page"}],"author":[{"embeddable":true,"href":"https:\/\/www.marvi93.com\/es\/wp-json\/wp\/v2\/users\/235"}],"replies":[{"embeddable":true,"href":"https:\/\/www.marvi93.com\/es\/wp-json\/wp\/v2\/comments?post=1435"}],"version-history":[{"count":4,"href":"https:\/\/www.marvi93.com\/es\/wp-json\/wp\/v2\/pages\/1435\/revisions"}],"predecessor-version":[{"id":56361,"href":"https:\/\/www.marvi93.com\/es\/wp-json\/wp\/v2\/pages\/1435\/revisions\/56361"}],"wp:attachment":[{"href":"https:\/\/www.marvi93.com\/es\/wp-json\/wp\/v2\/media?parent=1435"}],"curies":[{"name":"wp","href":"https:\/\/api.w.org\/{rel}","templated":true}]}}