
{"id":1437,"date":"2017-11-08T20:02:47","date_gmt":"2017-11-08T18:02:47","guid":{"rendered":"http:\/\/www.marvi93.com\/?page_id=1437"},"modified":"2024-02-29T18:23:39","modified_gmt":"2024-02-29T17:23:39","slug":"servicios-vending-en-barcelona","status":"publish","type":"page","link":"https:\/\/www.marvi93.com\/es\/servicios-vending-en-barcelona\/","title":{"rendered":"Servicios de Vending Barcelona"},"content":{"rendered":"<section class=\"wpb-content-wrapper\">[mk_page_section bg_image=\u00bbhttp:\/\/www.marvi93.com\/wp-content\/uploads\/2016\/11\/servicios-de-vending.jpg\u00bb bg_color=\u00bbrgba(0,0,0,0.2)\u00bb blend_mode=\u00bboverlay\u00bb bg_position=\u00bbcenter center\u00bb bg_repeat=\u00bbno-repeat\u00bb bg_stretch=\u00bbtrue\u00bb min_height=\u00bb500&#8243; js_vertical_centered=\u00bbtrue\u00bb padding_top=\u00bb0&#8243; padding_bottom=\u00bb0&#8243; sidebar=\u00bbsidebar-1&#8243;][vc_column][mk_fancy_title tag_name=\u00bbh1&#8243; color=\u00bb#fbb629&#8243; size=\u00bb50&#8243; font_weight=\u00bbbold\u00bb txt_transform=\u00bbuppercase\u00bb font_family=\u00bbnone\u00bb align=\u00bbcenter\u00bb animation=\u00bbbottom-to-top\u00bb el_class=\u00bbsombra\u00bb]servicios de vending en Barcelona[\/mk_fancy_title][\/vc_column][\/mk_page_section][mk_page_section padding_top=\u00bb80&#8243; padding_bottom=\u00bb80&#8243; sidebar=\u00bbsidebar-1&#8243;][vc_column][vc_column_text css=\u00bb.vc_custom_1709227410374{margin-bottom: 0px !important;}\u00bb]En <a href=\"http:\/\/www.marvi93.com\/es\/quienes-somos\/\"><strong>Marvi 93<\/strong><\/a>, ofrecemos servicios de Vending en Barcelona. En nuestra empresa encontrar\u00e1 un servicio atento, r\u00e1pido, personalizado, con una oferta muy amplia en vending y diferente de la tradicional.<\/p>\n<p>Sabemos escuchar y se lo ponemos f\u00e1cil, somos un <em>vending<\/em> de proximidad, con una amplia zona de servicio en toda Barcelona y sus comarcas. Estamos presentes en poblaciones como\u00a0 Hospitalet, Sabadell, Terrassa, Vilafranca, Vilanova i la Geltr\u00fa y otras capitales de comarca importantes de Catalu\u00f1a.<\/p>\n<p>Nuestro servicio integral nos permite asegurar una calidad en los productos, un mantenimiento y servicio t\u00e9cnico \u00f3ptimo de las m\u00e1quinas as\u00ed como una atenci\u00f3n al cliente de primer nivel.<\/p>\n<p>Damos respuesta inmediata a la reposici\u00f3n y resoluci\u00f3n de incidencias. Tambi\u00e9n disponemos\u00a0 servicio de fin de semana.<\/p>\n<p>Las promociones que regularmente ponemos en marcha ofrecen a nuestros clientes grandes descuentos, d\u00edas de caf\u00e9 gratuito y bonificaciones por el espacio cedido.<\/p>\n<p>Damos servicio de vending con productos como <a href=\"https:\/\/www.marvi93.com\/es\/servicios-vending-en-barcelona\/maquinas-expendedoras-de-cafe\/\"><strong>caf\u00e9, infusiones y chocolates<\/strong><\/a>, <a href=\"https:\/\/www.marvi93.com\/es\/servicios-vending-en-barcelona\/maquinas-expendedoras-de-comida\/\"><strong>snacks y productos de elaboraci\u00f3n propia<\/strong><\/a>,\u00a0<a href=\"https:\/\/www.marvi93.com\/es\/servicios-vending-en-barcelona\/maquinas-expendedoras-de-bebidas\/\"><strong>bebidas <\/strong><strong>fr\u00edas y agua<\/strong><\/a>\u00a0y <a href=\"https:\/\/www.marvi93.com\/es\/servicios-vending-en-barcelona\/fuentes-de-osmosis\/\"><strong>fuentes de \u00f3smosis<\/strong><\/a>.<\/p>\n<p>El equipo humano que disponemos, con estabilidad en la ocupaci\u00f3n y con una alta profesionalidad, utilizan furgonetas isotermo. Mantienen el fr\u00edo y tienen estanter\u00edas apropiadas para transportar todo tipos de alimentos en las mejores condiciones higi\u00e9nicas y siempre respetando y dando continuidad a la cadena de fr\u00edo, condici\u00f3n imprescindible para el transporte y manipulaci\u00f3n de productos delicados, susceptibles a cambios y perecederos.<\/p>\n<p>Si est\u00e1 buscando una empresa que cubra sus necesidades del servicio de <em>vending<\/em> y\/o catering en Barcelona, en <strong>Marvi 93<\/strong> le ofrecemos una soluci\u00f3n integral. Acceda a <a href=\"http:\/\/www.marvi93.com\/es\/contacto\/\"><strong>nuestro formulario<\/strong><\/a> y nos pondremos en contacto con usted. Tambi\u00e9n nos puede llamar al tel\u00e9fono <a href=\"tel:936833232\"><strong>93 683 32 32<\/strong><\/a> y le atenderemos personalmente.[\/vc_column_text][vc_row_inner][vc_column_inner width=\u00bb1\/4&#8243;][mk_flipbox back_background_color=\u00bb#2271b3&#8243; min_height=\u00bb255&#8243; image=\u00bbhttps:\/\/www.marvi93.com\/wp-content\/uploads\/2020\/03\/cafes-infusions-i-xocolata.jpg\u00bb front_title_color=\u00bb#ffffff\u00bb back_title=\u00bbCAF\u00c8S, INFUSIONES Y CHOCOLATE\u00bb back_title_color=\u00bb#ffffff\u00bb back_desc_color=\u00bb#ffffff\u00bb button_url=\u00bbhttps:\/\/www.marvi93.com\/es\/servicios-vending-en-barcelona\/maquinas-expendedoras-de-cafe\/\u00bb button_text=\u00bb+ informaci\u00f3\u00bb][\/vc_column_inner][vc_column_inner width=\u00bb1\/4&#8243;][mk_flipbox back_background_color=\u00bb#2271b3&#8243; min_height=\u00bb255&#8243; image=\u00bbhttp:\/\/www.marvi93.com\/wp-content\/uploads\/2016\/11\/snacks-i-elaboracio-propia.jpg\u00bb front_title_color=\u00bb#ffffff\u00bb back_title=\u00bbSNACKS Y ELABORACI\u00d3N PROPIA\u00bb back_title_color=\u00bb#ffffff\u00bb back_desc_color=\u00bb#ffffff\u00bb button_url=\u00bbhttps:\/\/www.marvi93.com\/es\/servicios-vending-en-barcelona\/maquinas-expendedoras-de-comida\/\u00bb button_text=\u00bb+ informaci\u00f3\u00bb][\/vc_column_inner][vc_column_inner width=\u00bb1\/4&#8243;][mk_flipbox back_background_color=\u00bb#2271b3&#8243; min_height=\u00bb255&#8243; image=\u00bbhttp:\/\/www.marvi93.com\/wp-content\/uploads\/2016\/11\/mg_2791-e1507547390494.jpg\u00bb front_title_color=\u00bb#ffffff\u00bb back_title=\u00bbREFRESCOS Y AGUA\u00bb back_title_color=\u00bb#ffffff\u00bb back_desc_color=\u00bb#ffffff\u00bb button_url=\u00bbhttps:\/\/www.marvi93.com\/es\/servicios-vending-en-barcelona\/maquinas-expendedoras-de-bebidas\/\u00bb button_text=\u00bb+ informaci\u00f3\u00bb][\/vc_column_inner][vc_column_inner width=\u00bb1\/4&#8243;][mk_flipbox back_background_color=\u00bb#2271b3&#8243; min_height=\u00bb255&#8243; image=\u00bbhttp:\/\/www.marvi93.com\/wp-content\/uploads\/2016\/11\/drops-of-water-578897-e1507547474468.jpg\u00bb front_title_color=\u00bb#ffffff\u00bb back_title=\u00bbFUENTES DE OSMOSIS\u00bb back_title_color=\u00bb#ffffff\u00bb back_desc_color=\u00bb#ffffff\u00bb button_url=\u00bbhttps:\/\/www.marvi93.com\/es\/servicios-vending-en-barcelona\/fuentes-de-osmosis\/\u00bb button_text=\u00bb+ informaci\u00f3\u00bb][\/vc_column_inner][\/vc_row_inner][\/vc_column][\/mk_page_section]\n<\/section>","protected":false},"excerpt":{"rendered":"<p>[mk_page_section bg_image=\u00bbhttp:\/\/www.marvi93.com\/wp-content\/uploads\/2016\/11\/servicios-de-vending.jpg\u00bb bg_color=\u00bbrgba(0,0,0,0.2)\u00bb blend_mode=\u00bboverlay\u00bb bg_position=\u00bbcenter center\u00bb bg_repeat=\u00bbno-repeat\u00bb bg_stretch=\u00bbtrue\u00bb min_height=\u00bb500&#8243; js_vertical_centered=\u00bbtrue\u00bb padding_top=\u00bb0&#8243; padding_bottom=\u00bb0&#8243; sidebar=\u00bbsidebar-1&#8243;][vc_column][mk_fancy_title tag_name=\u00bbh1&#8243; color=\u00bb#fbb629&#8243; size=\u00bb50&#8243; font_weight=\u00bbbold\u00bb txt_transform=\u00bbuppercase\u00bb font_family=\u00bbnone\u00bb align=\u00bbcenter\u00bb animation=\u00bbbottom-to-top\u00bb el_class=\u00bbsombra\u00bb]servicios de vending en Barcelona[\/mk_fancy_title][\/vc_column][\/mk_page_section][mk_page_section padding_top=\u00bb80&#8243; padding_bottom=\u00bb80&#8243; sidebar=\u00bbsidebar-1&#8243;][vc_column][vc_column_text css=\u00bb.vc_custom_1709227410374{margin-bottom: 0px !important;}\u00bb]En Marvi 93, ofrecemos servicios de Vending en Barcelona. En nuestra empresa encontrar\u00e1 un servicio atento, r\u00e1pido, personalizado, con una oferta muy amplia en [&hellip;]<\/p>\n","protected":false},"author":235,"featured_media":0,"parent":0,"menu_order":0,"comment_status":"closed","ping_status":"closed","template":"","meta":[],"_links":{"self":[{"href":"https:\/\/www.marvi93.com\/es\/wp-json\/wp\/v2\/pages\/1437"}],"collection":[{"href":"https:\/\/www.marvi93.com\/es\/wp-json\/wp\/v2\/pages"}],"about":[{"href":"https:\/\/www.marvi93.com\/es\/wp-json\/wp\/v2\/types\/page"}],"author":[{"embeddable":true,"href":"https:\/\/www.marvi93.com\/es\/wp-json\/wp\/v2\/users\/235"}],"replies":[{"embeddable":true,"href":"https:\/\/www.marvi93.com\/es\/wp-json\/wp\/v2\/comments?post=1437"}],"version-history":[{"count":6,"href":"https:\/\/www.marvi93.com\/es\/wp-json\/wp\/v2\/pages\/1437\/revisions"}],"predecessor-version":[{"id":56363,"href":"https:\/\/www.marvi93.com\/es\/wp-json\/wp\/v2\/pages\/1437\/revisions\/56363"}],"wp:attachment":[{"href":"https:\/\/www.marvi93.com\/es\/wp-json\/wp\/v2\/media?parent=1437"}],"curies":[{"name":"wp","href":"https:\/\/api.w.org\/{rel}","templated":true}]}}