
{"id":1441,"date":"2017-11-08T20:04:31","date_gmt":"2017-11-08T19:04:31","guid":{"rendered":"http:\/\/www.marvi93.com\/?page_id=1441"},"modified":"2024-02-29T18:09:42","modified_gmt":"2024-02-29T17:09:42","slug":"maquinas-expendedoras-de-bebidas","status":"publish","type":"page","link":"https:\/\/www.marvi93.com\/es\/servicios-vending-en-barcelona\/maquinas-expendedoras-de-bebidas\/","title":{"rendered":"M\u00e1quinas expendedoras de bebidas fr\u00edas"},"content":{"rendered":"<section class=\"wpb-content-wrapper\">[mk_page_section bg_image=\u00bbhttp:\/\/www.marvi93.com\/wp-content\/uploads\/2017\/09\/refrescs-1.jpg\u00bb bg_color=\u00bbrgba(0,0,0,0.2)\u00bb blend_mode=\u00bboverlay\u00bb bg_position=\u00bbcenter center\u00bb bg_repeat=\u00bbno-repeat\u00bb bg_stretch=\u00bbtrue\u00bb min_height=\u00bb500&#8243; js_vertical_centered=\u00bbtrue\u00bb padding_top=\u00bb0&#8243; padding_bottom=\u00bb0&#8243; sidebar=\u00bbsidebar-1&#8243;][vc_column][mk_fancy_title color=\u00bb#ffffff\u00bb size=\u00bb30&#8243; font_weight=\u00bbbold\u00bb txt_transform=\u00bbuppercase\u00bb margin_bottom=\u00bb0&#8243; font_family=\u00bbnone\u00bb align=\u00bbcenter\u00bb animation=\u00bbbottom-to-top\u00bb]Servicios de vending[\/mk_fancy_title][mk_fancy_title tag_name=\u00bbh1&#8243; color=\u00bb#fbb629&#8243; size=\u00bb50&#8243; font_weight=\u00bbbold\u00bb txt_transform=\u00bbuppercase\u00bb font_family=\u00bbnone\u00bb align=\u00bbcenter\u00bb animation=\u00bbbottom-to-top\u00bb el_class=\u00bbsombra\u00bb]M\u00e1quinas expendedoras de bebidas fr\u00edas[\/mk_fancy_title][\/vc_column][\/mk_page_section][mk_page_section sidebar=\u00bbsidebar-1&#8243;][vc_column][mk_padding_divider size=\u00bb80&#8243;][vc_row_inner][vc_column_inner width=\u00bb1\/4&#8243;][vc_wp_custommenu nav_menu=\u00bb128&#8243;][\/vc_column_inner][vc_column_inner width=\u00bb3\/4&#8243;][mk_custom_box padding_vertical=\u00bb20&#8243; margin_bottom=\u00bb20&#8243; min_height=\u00bb0&#8243; bg_color=\u00bb#dd3333&#8243;][mk_fancy_title color=\u00bb#ffffff\u00bb size=\u00bb18&#8243; margin_bottom=\u00bb0&#8243; font_family=\u00bbnone\u00bb align=\u00bbcenter\u00bb]INSTALACI\u00d3N GRATUITA EN EMPRESAS DE M\u00c1S DE 20 TRABAJADORES DE NUESTRAS M\u00c1QUINAS EXPENDEDORAS DE BEBIDAS FR\u00cdAS<br \/>\nINFORMESE SIN COMPROMISO[\/mk_fancy_title][\/mk_custom_box][vc_column_text css=\u00bb.vc_custom_1709226577916{margin-bottom: 0px !important;}\u00bb]<span style=\"font-weight: 400;\">La amplia gama de productos de bebidas fr\u00edas y calientes de <\/span><a href=\"http:\/\/www.marvi93.com\/es\/quienes-somos\/\"><b>Marvi 93<\/b><\/a><span style=\"font-weight: 400;\">, <\/span><span style=\"font-weight: 400;\">nos ha permitido ser una de las empresas l\u00edderes en la instalaci\u00f3n de m\u00e1quinas expendedoras de bebidas fr\u00edas y <\/span><i><span style=\"font-weight: 400;\">vending<\/span><\/i><span style=\"font-weight: 400;\"> de bebidas, tanto en botellas como en latas.<\/span><\/p>\n<p><span style=\"font-weight: 400;\">Ofrecemos flexibilidad en la elecci\u00f3n de los <strong>diversos modelos de dispensador de bebidas<\/strong>, as\u00ed como la amplia variedad de bebidas disponibles, \u00a0ideales para ajustarnos a las necesidades y el consumo de cada cliente.<\/span><\/p>\n<p><span style=\"font-weight: 400;\">Trabajamos con marcas l\u00edderes al mercado. Aguas de Busot, refrescos, bebidas isot\u00f3nicas, zumos y batidos son ejemplos de las posibilidades de selecci\u00f3n de suministros de <strong>nuestras m\u00e1quinas expendedoras de bebidas fr\u00edas<\/strong>. La reposici\u00f3n diaria nos permite modificar los productos en el supuesto de que cambiaran los gustos de nuestros clientes.<\/span><\/p>\n<p><span style=\"font-weight: 400;\">Nuestro servicio t\u00e9cnico del m\u00e1quinas expendedoras de bebidas fr\u00edas es propio y nos ofrece una mayor flexibilidad, rapidez y fiabilidad a la hora de instalar, modificar o resolver una incidencia<\/span><\/p>\n<p><span style=\"font-weight: 400;\">Todo esto, siempre con la posibilidad de ampliar el servicio de <\/span><a href=\"https:\/\/www.marvi93.com\/es\/servicios-vending-en-barcelona\/maquinas-expendedoras-de-cafe\/\"><strong><i>vending<\/i><\/strong><\/a><span style=\"font-weight: 400;\"><strong> de caf\u00e9<\/strong>, infusiones, etc., con productos de snacks o fuente de agua osmosis.<\/span><\/p>\n<p><span style=\"font-weight: 400;\">Si est\u00e1 buscando una empresa que cubra sus necesidades del <\/span><a href=\"https:\/\/www.marvi93.com\/es\/servicios-vending-en-barcelona\/\"><b>servicio de <\/b><b><i>vending<\/i><\/b><\/a> <span style=\"font-weight: 400;\">en Barcelona, <\/span><b>Marvi 93<\/b><span style=\"font-weight: 400;\"> le ofrece una soluci\u00f3n integral. Acceda a <a href=\"http:\/\/www.marvi93.com\/es\/contacto\/\"><strong>nuestro formulario<\/strong><\/a> y nos pondremos en contacto con usted, o si lo prefiere, nos puede llamar al tel\u00e9fono <\/span><a href=\"tel:936833232\"><b>936 83 32 32<\/b><\/a><span style=\"font-weight: 400;\"> y le atenderemos personalmente.<\/span>[\/vc_column_text][\/vc_column_inner][\/vc_row_inner][mk_padding_divider size=\u00bb80&#8243;][\/vc_column][\/mk_page_section][mk_page_section bg_color=\u00bb#2271b3&#8243; sidebar=\u00bbsidebar-1&#8243;][vc_column width=\u00bb1\/2&#8243;][mk_padding_divider size=\u00bb60&#8243;][mk_fancy_title color=\u00bb#ffffff\u00bb size=\u00bb30&#8243; font_family=\u00bbnone\u00bb]\u00bfNECESITA M\u00c1S INFORMACI\u00d3N SOBRE ESTE SERVICIO?[\/mk_fancy_title][mk_fancy_title color=\u00bb#ffffff\u00bb size=\u00bb20&#8243; font_family=\u00bbnone\u00bb]Env\u00edenos el siguiente formulario y contactaremos con usted para ampliarle la informaci\u00f3n sobre nuestro <strong>servicio de m\u00e1quinas de vending de bebidas fr\u00edas<\/strong>[\/mk_fancy_title][vc_column_text el_class=\u00bbprivacidad blanco\u00bb]De acuerdo con la normativa vigente y aplicable en materia en Protecci\u00f3n de Datos de Car\u00e1cter Personal, le informamos que sus datos ser\u00e1n incorporados al sistema de tratamiento titularidad de MARVI 93 SL con CIF B60244332 y domicilio social sito en JOAN TORRUELLA I URPINA 7 08758, CERVELLO (BARCELONA), con la finalidad de atender sus consultas. En cumplimiento con la normativa vigente, MARVI 93 SL informa que los datos ser\u00e1n conservados durante el plazo estrictamente necesario para cumplir con los preceptos mencionados con anterioridad.<\/p>\n<p>MARVI 93 SL informa que proceder\u00e1 a tratar los datos de manera l\u00edcita, leal, transparente, adecuada, pertinente, limitada, exacta y actualizada. Es por ello que MARVI 93 SL se compromete a adoptar todas las medidas razonables para que estos se supriman o rectifiquen sin dilaci\u00f3n cuando sean inexactos.<\/p>\n<p>De acuerdo con los derechos que le confiere el la normativa vigente en protecci\u00f3n de datos podr\u00e1 ejercer los derechos de acceso, rectificaci\u00f3n, limitaci\u00f3n de tratamiento, supresi\u00f3n, portabilidad y oposici\u00f3n al tratamiento de sus datos de car\u00e1cter personal as\u00ed como del consentimiento prestado para el tratamiento de los mismos, dirigiendo su petici\u00f3n a la direcci\u00f3n postal indicada m\u00e1s arriba o al correo electr\u00f3nico INFO@MARVI93.COM.<\/p>\n<p>Le informamos que podr\u00e1 revocar en cualquier momento el consentimiento prestado a la recepci\u00f3n de comunicaciones comerciales enviando un e-mail a la direcci\u00f3n de correo electr\u00f3nico: INFO@MARVI93.COM . Podr\u00e1 dirigirse a la Autoridad de Control competente para presentar la reclamaci\u00f3n que considere oportuna. El env\u00edo de estos datos implica la aceptaci\u00f3n de esta cl\u00e1usula.[\/vc_column_text][\/vc_column][vc_column width=\u00bb1\/2&#8243;][vc_column_text]\n<div class=\"wpcf7 no-js\" id=\"wpcf7-f4098-o1\" lang=\"ca\" dir=\"ltr\">\n<div class=\"screen-reader-response\"><p role=\"status\" aria-live=\"polite\" aria-atomic=\"true\"><\/p> <ul><\/ul><\/div>\n<form action=\"\/es\/wp-json\/wp\/v2\/pages\/1441#wpcf7-f4098-o1\" method=\"post\" class=\"wpcf7-form init cf7-style minimal-brown\" id=\"contacto\" aria-label=\"Formulari de contacte\" novalidate=\"novalidate\" data-status=\"init\">\n<div style=\"display: none;\">\n<input type=\"hidden\" name=\"_wpcf7\" value=\"4098\" \/>\n<input type=\"hidden\" name=\"_wpcf7_version\" value=\"5.7.7\" \/>\n<input type=\"hidden\" name=\"_wpcf7_locale\" value=\"ca\" \/>\n<input type=\"hidden\" name=\"_wpcf7_unit_tag\" value=\"wpcf7-f4098-o1\" \/>\n<input type=\"hidden\" name=\"_wpcf7_container_post\" value=\"0\" \/>\n<input type=\"hidden\" name=\"_wpcf7_posted_data_hash\" value=\"\" \/>\n<input type=\"hidden\" name=\"_wpcf7_recaptcha_response\" value=\"\" \/>\n<\/div>\n<div class=\"form-service\">\n\t<p><span class=\"wpcf7-form-control-wrap\" data-name=\"nombre\"><input size=\"40\" class=\"wpcf7-form-control wpcf7-text wpcf7-validates-as-required\" aria-required=\"true\" aria-invalid=\"false\" placeholder=\"Persona de contacto*\" value=\"\" type=\"text\" name=\"nombre\" \/><\/span><span class=\"wpcf7-form-control-wrap\" data-name=\"email\"><input size=\"40\" class=\"wpcf7-form-control wpcf7-text wpcf7-email wpcf7-validates-as-required wpcf7-validates-as-email\" aria-required=\"true\" aria-invalid=\"false\" placeholder=\"Email*\" value=\"\" type=\"email\" name=\"email\" \/><\/span><span class=\"wpcf7-form-control-wrap\" data-name=\"telefono\"><input size=\"40\" class=\"wpcf7-form-control wpcf7-text wpcf7-validates-as-required\" aria-required=\"true\" aria-invalid=\"false\" placeholder=\"Tel\u00e9fono*\" value=\"\" type=\"text\" name=\"telefono\" \/><\/span><span class=\"wpcf7-form-control-wrap\" data-name=\"empresa\"><input size=\"40\" class=\"wpcf7-form-control wpcf7-text\" aria-invalid=\"false\" placeholder=\"Empresa\" value=\"\" type=\"text\" name=\"empresa\" \/><\/span><span style=\"color:#fff;font-size:10px\">Los campos marcados con * son obligatorios<\/span><br \/>\n<span class=\"wpcf7-form-control-wrap\" data-name=\"politica\"><span class=\"wpcf7-form-control wpcf7-acceptance\"><span class=\"wpcf7-list-item\"><label><input type=\"checkbox\" name=\"politica\" value=\"1\" aria-invalid=\"false\" \/><span class=\"wpcf7-list-item-label\">Acepto su <a href=\"https:\/\/www.marvi93.com\/es\/condiciones-de-uso\/\" target=\"_blank\">pol\u00edtica de protecci\u00f3n de datos<\/a><\/span><\/label><\/span><\/span><\/span><br \/>\n<span class=\"wpcf7-form-control-wrap\" data-name=\"publicidad\"><span class=\"wpcf7-form-control wpcf7-acceptance optional\"><span class=\"wpcf7-list-item\"><label><input type=\"checkbox\" name=\"publicidad\" value=\"1\" aria-invalid=\"false\" \/><span class=\"wpcf7-list-item-label\">He le\u00eddo y acepto recibir publicidad o informaci\u00f3n promocional de MARVI 93 SL.<\/span><\/label><\/span><\/span><\/span><br \/>\n<input class=\"wpcf7-form-control has-spinner wpcf7-submit\" type=\"submit\" value=\"ENVIAR\" \/>\n\t<\/p>\n<\/div><div class=\"wpcf7-response-output\" aria-hidden=\"true\"><\/div>\n<\/form>\n<\/div>\n[\/vc_column_text][\/vc_column][\/mk_page_section]\n<\/section>","protected":false},"excerpt":{"rendered":"<p>[mk_page_section bg_image=\u00bbhttp:\/\/www.marvi93.com\/wp-content\/uploads\/2017\/09\/refrescs-1.jpg\u00bb bg_color=\u00bbrgba(0,0,0,0.2)\u00bb blend_mode=\u00bboverlay\u00bb bg_position=\u00bbcenter center\u00bb bg_repeat=\u00bbno-repeat\u00bb bg_stretch=\u00bbtrue\u00bb min_height=\u00bb500&#8243; js_vertical_centered=\u00bbtrue\u00bb padding_top=\u00bb0&#8243; padding_bottom=\u00bb0&#8243; sidebar=\u00bbsidebar-1&#8243;][vc_column][mk_fancy_title color=\u00bb#ffffff\u00bb size=\u00bb30&#8243; font_weight=\u00bbbold\u00bb txt_transform=\u00bbuppercase\u00bb margin_bottom=\u00bb0&#8243; font_family=\u00bbnone\u00bb align=\u00bbcenter\u00bb animation=\u00bbbottom-to-top\u00bb]Servicios de vending[\/mk_fancy_title][mk_fancy_title tag_name=\u00bbh1&#8243; color=\u00bb#fbb629&#8243; size=\u00bb50&#8243; font_weight=\u00bbbold\u00bb txt_transform=\u00bbuppercase\u00bb font_family=\u00bbnone\u00bb align=\u00bbcenter\u00bb animation=\u00bbbottom-to-top\u00bb el_class=\u00bbsombra\u00bb]M\u00e1quinas expendedoras de bebidas fr\u00edas[\/mk_fancy_title][\/vc_column][\/mk_page_section][mk_page_section sidebar=\u00bbsidebar-1&#8243;][vc_column][mk_padding_divider size=\u00bb80&#8243;][vc_row_inner][vc_column_inner width=\u00bb1\/4&#8243;][vc_wp_custommenu nav_menu=\u00bb128&#8243;][\/vc_column_inner][vc_column_inner width=\u00bb3\/4&#8243;][mk_custom_box padding_vertical=\u00bb20&#8243; margin_bottom=\u00bb20&#8243; min_height=\u00bb0&#8243; bg_color=\u00bb#dd3333&#8243;][mk_fancy_title color=\u00bb#ffffff\u00bb size=\u00bb18&#8243; margin_bottom=\u00bb0&#8243; font_family=\u00bbnone\u00bb align=\u00bbcenter\u00bb]INSTALACI\u00d3N GRATUITA EN EMPRESAS DE M\u00c1S [&hellip;]<\/p>\n","protected":false},"author":235,"featured_media":0,"parent":1437,"menu_order":0,"comment_status":"closed","ping_status":"closed","template":"","meta":[],"_links":{"self":[{"href":"https:\/\/www.marvi93.com\/es\/wp-json\/wp\/v2\/pages\/1441"}],"collection":[{"href":"https:\/\/www.marvi93.com\/es\/wp-json\/wp\/v2\/pages"}],"about":[{"href":"https:\/\/www.marvi93.com\/es\/wp-json\/wp\/v2\/types\/page"}],"author":[{"embeddable":true,"href":"https:\/\/www.marvi93.com\/es\/wp-json\/wp\/v2\/users\/235"}],"replies":[{"embeddable":true,"href":"https:\/\/www.marvi93.com\/es\/wp-json\/wp\/v2\/comments?post=1441"}],"version-history":[{"count":4,"href":"https:\/\/www.marvi93.com\/es\/wp-json\/wp\/v2\/pages\/1441\/revisions"}],"predecessor-version":[{"id":56360,"href":"https:\/\/www.marvi93.com\/es\/wp-json\/wp\/v2\/pages\/1441\/revisions\/56360"}],"up":[{"embeddable":true,"href":"https:\/\/www.marvi93.com\/es\/wp-json\/wp\/v2\/pages\/1437"}],"wp:attachment":[{"href":"https:\/\/www.marvi93.com\/es\/wp-json\/wp\/v2\/media?parent=1441"}],"curies":[{"name":"wp","href":"https:\/\/api.w.org\/{rel}","templated":true}]}}