
{"id":1443,"date":"2017-11-08T20:05:41","date_gmt":"2017-11-08T18:05:41","guid":{"rendered":"http:\/\/www.marvi93.com\/?page_id=1443"},"modified":"2024-02-29T18:08:36","modified_gmt":"2024-02-29T17:08:36","slug":"fuentes-de-osmosis","status":"publish","type":"page","link":"https:\/\/www.marvi93.com\/es\/servicios-vending-en-barcelona\/fuentes-de-osmosis\/","title":{"rendered":"Fuentes osmosis"},"content":{"rendered":"<section class=\"wpb-content-wrapper\">[mk_page_section bg_image=\u00bbhttp:\/\/www.marvi93.com\/wp-content\/uploads\/2017\/08\/drops-of-water-578897.jpg\u00bb bg_color=\u00bbrgba(0,0,0,0.2)\u00bb blend_mode=\u00bboverlay\u00bb bg_position=\u00bbcenter center\u00bb bg_repeat=\u00bbno-repeat\u00bb bg_stretch=\u00bbtrue\u00bb min_height=\u00bb500&#8243; js_vertical_centered=\u00bbtrue\u00bb padding_top=\u00bb0&#8243; padding_bottom=\u00bb0&#8243; sidebar=\u00bbsidebar-1&#8243;][vc_column][mk_fancy_title color=\u00bb#ffffff\u00bb size=\u00bb30&#8243; font_weight=\u00bbbold\u00bb txt_transform=\u00bbuppercase\u00bb margin_bottom=\u00bb0&#8243; font_family=\u00bbnone\u00bb align=\u00bbcenter\u00bb animation=\u00bbbottom-to-top\u00bb]Servicios de vending[\/mk_fancy_title][mk_fancy_title tag_name=\u00bbh1&#8243; color=\u00bb#fbb629&#8243; size=\u00bb50&#8243; font_weight=\u00bbbold\u00bb txt_transform=\u00bbuppercase\u00bb font_family=\u00bbnone\u00bb align=\u00bbcenter\u00bb animation=\u00bbbottom-to-top\u00bb el_class=\u00bbsombra\u00bb]Fuentes de osmosis para empresas[\/mk_fancy_title][\/vc_column][\/mk_page_section][mk_page_section sidebar=\u00bbsidebar-1&#8243;][vc_column][mk_padding_divider size=\u00bb80&#8243;][vc_row_inner][vc_column_inner width=\u00bb1\/4&#8243;][vc_wp_custommenu nav_menu=\u00bb128&#8243;][\/vc_column_inner][vc_column_inner width=\u00bb3\/4&#8243;][vc_column_text css=\u00bb.vc_custom_1709226511986{margin-bottom: 0px !important;}\u00bb]<span style=\"font-weight: 400;\">Uno de los <\/span><a href=\"https:\/\/www.marvi93.com\/es\/servicios-vending-en-barcelona\/\"><b>servicios de <\/b><b><i>vending<\/i><\/b><\/a> <span style=\"font-weight: 400;\">de <\/span><a href=\"http:\/\/www.marvi93.com\/es\/quienes-somos\/\"><b>Marvi 93<\/b><\/a> <span style=\"font-weight: 400;\">es el de <strong>dispensador de\u00a0<\/strong><\/span><strong>agua osmotizada<\/strong><span style=\"font-weight: 400;\">. Con nuestras <strong>fuentes de osmosis para empresas<\/strong> garantizamos el consumo responsable a un coste muy reducido con la \u00faltima tecnolog\u00eda. Un agua sana y natural.<\/span><\/p>\n<p><span style=\"font-weight: 400;\">Nuestra fuente de agua permite dos temperaturas diferentes: fr\u00eda y ambiente.<\/span><\/p>\n<p><span style=\"font-weight: 400;\">Las <\/span><b>fuentes de agua<\/b><span style=\"font-weight: 400;\"> osmotizada para empresas y para oficinas son cada d\u00eda m\u00e1s imprescindibles en los centros de trabajo.<\/span><\/p>\n<p><span style=\"font-weight: 400;\">Las ventajas de utilizar un dispensador de agua osmotizada son las siguientes:<\/span><\/p>\n<ul>\n<li><span style=\"font-weight: 400;\">Se eliminan riesgos sanitarios (el agua procedente de la red p\u00fablica est\u00e1 rigurosamente controlada) y los filtros de carbono y sedimentos garantizan un equilibrio mineral y de sabor exquisito y saludable.<\/span><\/li>\n<li><span style=\"font-weight: 400;\">El agua se purifica en el momento de su uso.<\/span><\/li>\n<li><span style=\"font-weight: 400;\">Evitamos costes a\u00f1adidos como los relativos en espacios dedicados al almacenamiento de botellones.<\/span><\/li>\n<li><span style=\"font-weight: 400;\">Consumimos agua perfecta a costes muy econ\u00f3micos.<\/span><\/li>\n<li><span style=\"font-weight: 400;\">El uso de nuestras m\u00e1quinas es pr\u00e1ctico y \u00e1gil, puesto que evita al usuario el movimiento continuo de kilos (botellas de 20\/25 kilos cada uno) y para instalarlas s\u00f3lo necesitamos toma de agua, conexi\u00f3n el\u00e9ctrica y desag\u00fce.<\/span><\/li>\n<li><span style=\"font-weight: 400;\">La tranquilidad de despreocuparse de los pedidos y almacenamiento de agua.<\/span><\/li>\n<li><span style=\"font-weight: 400;\">El beneficio del espacio (nuestra fuente ocupa 50&#215;50 cm) y tiene una capacidad de agua equivalente al consumo de 30 persones\/mes. (66 garrafones de 18 l.)<\/span><\/li>\n<li><span style=\"font-weight: 400;\">Disponemos de un equipo de t\u00e9cnicos especializados en higienizaciones de <\/span><b>dispensadores y fuentes de agua<\/b><span style=\"font-weight: 400;\">, que siguen un estricto protocolo de calidad.<\/span><\/li>\n<\/ul>\n<p><span style=\"font-weight: 400;\">Si est\u00e1 buscando una empresa que pueda instalarle una fuente de osmosis para empresas en<\/span><span style=\"font-weight: 400;\">\u00a0Barcelona, <\/span><b>Marvi 93<\/b><span style=\"font-weight: 400;\"> le ofrece una soluci\u00f3n integral. Acceda a <a href=\"http:\/\/www.marvi93.com\/es\/contacto\/\"><strong>nuestro formulario<\/strong><\/a> y nos pondremos en contacto con usted, o si lo prefiere, nos puede llamar al tel\u00e9fono <\/span><a href=\"tel:936833232\"><b>93 683 32 32<\/b><\/a><span style=\"font-weight: 400;\"> y le atenderemos personalmente.<\/span>[\/vc_column_text][\/vc_column_inner][\/vc_row_inner][mk_padding_divider size=\u00bb80&#8243;][\/vc_column][\/mk_page_section][mk_page_section bg_color=\u00bb#2271b3&#8243; sidebar=\u00bbsidebar-1&#8243;][vc_column width=\u00bb1\/2&#8243;][mk_padding_divider size=\u00bb60&#8243;][mk_fancy_title color=\u00bb#ffffff\u00bb size=\u00bb30&#8243; font_family=\u00bbnone\u00bb]\u00bfNECESITA M\u00c1S INFORMACI\u00d3N SOBRE NUESTROS DISPENSADORES DE AGUA OSMOTIZADA?[\/mk_fancy_title][mk_fancy_title color=\u00bb#ffffff\u00bb size=\u00bb20&#8243; font_family=\u00bbnone\u00bb]Env\u00edenos el siguiente formulario y contactaremos con usted para ampliarle la informaci\u00f3n sobre nuestro <strong>servicio de instalaci\u00f3n de fuentes de agua osmotizada<\/strong>[\/mk_fancy_title][vc_column_text el_class=\u00bbprivacidad blanco\u00bb]De acuerdo con la normativa vigente y aplicable en materia en Protecci\u00f3n de Datos de Car\u00e1cter Personal, le informamos que sus datos ser\u00e1n incorporados al sistema de tratamiento titularidad de MARVI 93 SL con CIF B60244332 y domicilio social sito en JOAN TORRUELLA I URPINA 7 08758, CERVELLO (BARCELONA), con la finalidad de atender sus consultas. En cumplimiento con la normativa vigente, MARVI 93 SL informa que los datos ser\u00e1n conservados durante el plazo estrictamente necesario para cumplir con los preceptos mencionados con anterioridad.<\/p>\n<p>MARVI 93 SL informa que proceder\u00e1 a tratar los datos de manera l\u00edcita, leal, transparente, adecuada, pertinente, limitada, exacta y actualizada. Es por ello que MARVI 93 SL se compromete a adoptar todas las medidas razonables para que estos se supriman o rectifiquen sin dilaci\u00f3n cuando sean inexactos.<\/p>\n<p>De acuerdo con los derechos que le confiere el la normativa vigente en protecci\u00f3n de datos podr\u00e1 ejercer los derechos de acceso, rectificaci\u00f3n, limitaci\u00f3n de tratamiento, supresi\u00f3n, portabilidad y oposici\u00f3n al tratamiento de sus datos de car\u00e1cter personal as\u00ed como del consentimiento prestado para el tratamiento de los mismos, dirigiendo su petici\u00f3n a la direcci\u00f3n postal indicada m\u00e1s arriba o al correo electr\u00f3nico INFO@MARVI93.COM.<\/p>\n<p>Le informamos que podr\u00e1 revocar en cualquier momento el consentimiento prestado a la recepci\u00f3n de comunicaciones comerciales enviando un e-mail a la direcci\u00f3n de correo electr\u00f3nico: INFO@MARVI93.COM . Podr\u00e1 dirigirse a la Autoridad de Control competente para presentar la reclamaci\u00f3n que considere oportuna. El env\u00edo de estos datos implica la aceptaci\u00f3n de esta cl\u00e1usula.[\/vc_column_text][\/vc_column][vc_column width=\u00bb1\/2&#8243;][vc_column_text]\n<div class=\"wpcf7 no-js\" id=\"wpcf7-f4098-o1\" lang=\"ca\" dir=\"ltr\">\n<div class=\"screen-reader-response\"><p role=\"status\" aria-live=\"polite\" aria-atomic=\"true\"><\/p> <ul><\/ul><\/div>\n<form action=\"\/es\/wp-json\/wp\/v2\/pages\/1443#wpcf7-f4098-o1\" method=\"post\" class=\"wpcf7-form init cf7-style minimal-brown\" id=\"contacto\" aria-label=\"Formulari de contacte\" novalidate=\"novalidate\" data-status=\"init\">\n<div style=\"display: none;\">\n<input type=\"hidden\" name=\"_wpcf7\" value=\"4098\" \/>\n<input type=\"hidden\" name=\"_wpcf7_version\" value=\"5.7.7\" \/>\n<input type=\"hidden\" name=\"_wpcf7_locale\" value=\"ca\" \/>\n<input type=\"hidden\" name=\"_wpcf7_unit_tag\" value=\"wpcf7-f4098-o1\" \/>\n<input type=\"hidden\" name=\"_wpcf7_container_post\" value=\"0\" \/>\n<input type=\"hidden\" name=\"_wpcf7_posted_data_hash\" value=\"\" \/>\n<input type=\"hidden\" name=\"_wpcf7_recaptcha_response\" value=\"\" \/>\n<\/div>\n<div class=\"form-service\">\n\t<p><span class=\"wpcf7-form-control-wrap\" data-name=\"nombre\"><input size=\"40\" class=\"wpcf7-form-control wpcf7-text wpcf7-validates-as-required\" aria-required=\"true\" aria-invalid=\"false\" placeholder=\"Persona de contacto*\" value=\"\" type=\"text\" name=\"nombre\" \/><\/span><span class=\"wpcf7-form-control-wrap\" data-name=\"email\"><input size=\"40\" class=\"wpcf7-form-control wpcf7-text wpcf7-email wpcf7-validates-as-required wpcf7-validates-as-email\" aria-required=\"true\" aria-invalid=\"false\" placeholder=\"Email*\" value=\"\" type=\"email\" name=\"email\" \/><\/span><span class=\"wpcf7-form-control-wrap\" data-name=\"telefono\"><input size=\"40\" class=\"wpcf7-form-control wpcf7-text wpcf7-validates-as-required\" aria-required=\"true\" aria-invalid=\"false\" placeholder=\"Tel\u00e9fono*\" value=\"\" type=\"text\" name=\"telefono\" \/><\/span><span class=\"wpcf7-form-control-wrap\" data-name=\"empresa\"><input size=\"40\" class=\"wpcf7-form-control wpcf7-text\" aria-invalid=\"false\" placeholder=\"Empresa\" value=\"\" type=\"text\" name=\"empresa\" \/><\/span><span style=\"color:#fff;font-size:10px\">Los campos marcados con * son obligatorios<\/span><br \/>\n<span class=\"wpcf7-form-control-wrap\" data-name=\"politica\"><span class=\"wpcf7-form-control wpcf7-acceptance\"><span class=\"wpcf7-list-item\"><label><input type=\"checkbox\" name=\"politica\" value=\"1\" aria-invalid=\"false\" \/><span class=\"wpcf7-list-item-label\">Acepto su <a href=\"https:\/\/www.marvi93.com\/es\/condiciones-de-uso\/\" target=\"_blank\">pol\u00edtica de protecci\u00f3n de datos<\/a><\/span><\/label><\/span><\/span><\/span><br \/>\n<span class=\"wpcf7-form-control-wrap\" data-name=\"publicidad\"><span class=\"wpcf7-form-control wpcf7-acceptance optional\"><span class=\"wpcf7-list-item\"><label><input type=\"checkbox\" name=\"publicidad\" value=\"1\" aria-invalid=\"false\" \/><span class=\"wpcf7-list-item-label\">He le\u00eddo y acepto recibir publicidad o informaci\u00f3n promocional de MARVI 93 SL.<\/span><\/label><\/span><\/span><\/span><br \/>\n<input class=\"wpcf7-form-control has-spinner wpcf7-submit\" type=\"submit\" value=\"ENVIAR\" \/>\n\t<\/p>\n<\/div><div class=\"wpcf7-response-output\" aria-hidden=\"true\"><\/div>\n<\/form>\n<\/div>\n[\/vc_column_text][\/vc_column][\/mk_page_section]\n<\/section>","protected":false},"excerpt":{"rendered":"<p>[mk_page_section bg_image=\u00bbhttp:\/\/www.marvi93.com\/wp-content\/uploads\/2017\/08\/drops-of-water-578897.jpg\u00bb bg_color=\u00bbrgba(0,0,0,0.2)\u00bb blend_mode=\u00bboverlay\u00bb bg_position=\u00bbcenter center\u00bb bg_repeat=\u00bbno-repeat\u00bb bg_stretch=\u00bbtrue\u00bb min_height=\u00bb500&#8243; js_vertical_centered=\u00bbtrue\u00bb padding_top=\u00bb0&#8243; padding_bottom=\u00bb0&#8243; sidebar=\u00bbsidebar-1&#8243;][vc_column][mk_fancy_title color=\u00bb#ffffff\u00bb size=\u00bb30&#8243; font_weight=\u00bbbold\u00bb txt_transform=\u00bbuppercase\u00bb margin_bottom=\u00bb0&#8243; font_family=\u00bbnone\u00bb align=\u00bbcenter\u00bb animation=\u00bbbottom-to-top\u00bb]Servicios de vending[\/mk_fancy_title][mk_fancy_title tag_name=\u00bbh1&#8243; color=\u00bb#fbb629&#8243; size=\u00bb50&#8243; font_weight=\u00bbbold\u00bb txt_transform=\u00bbuppercase\u00bb font_family=\u00bbnone\u00bb align=\u00bbcenter\u00bb animation=\u00bbbottom-to-top\u00bb el_class=\u00bbsombra\u00bb]Fuentes de osmosis para empresas[\/mk_fancy_title][\/vc_column][\/mk_page_section][mk_page_section sidebar=\u00bbsidebar-1&#8243;][vc_column][mk_padding_divider size=\u00bb80&#8243;][vc_row_inner][vc_column_inner width=\u00bb1\/4&#8243;][vc_wp_custommenu nav_menu=\u00bb128&#8243;][\/vc_column_inner][vc_column_inner width=\u00bb3\/4&#8243;][vc_column_text css=\u00bb.vc_custom_1709226511986{margin-bottom: 0px !important;}\u00bb]Uno de los servicios de vending de Marvi 93 es el de [&hellip;]<\/p>\n","protected":false},"author":235,"featured_media":0,"parent":1437,"menu_order":0,"comment_status":"closed","ping_status":"closed","template":"","meta":[],"_links":{"self":[{"href":"https:\/\/www.marvi93.com\/es\/wp-json\/wp\/v2\/pages\/1443"}],"collection":[{"href":"https:\/\/www.marvi93.com\/es\/wp-json\/wp\/v2\/pages"}],"about":[{"href":"https:\/\/www.marvi93.com\/es\/wp-json\/wp\/v2\/types\/page"}],"author":[{"embeddable":true,"href":"https:\/\/www.marvi93.com\/es\/wp-json\/wp\/v2\/users\/235"}],"replies":[{"embeddable":true,"href":"https:\/\/www.marvi93.com\/es\/wp-json\/wp\/v2\/comments?post=1443"}],"version-history":[{"count":7,"href":"https:\/\/www.marvi93.com\/es\/wp-json\/wp\/v2\/pages\/1443\/revisions"}],"predecessor-version":[{"id":56359,"href":"https:\/\/www.marvi93.com\/es\/wp-json\/wp\/v2\/pages\/1443\/revisions\/56359"}],"up":[{"embeddable":true,"href":"https:\/\/www.marvi93.com\/es\/wp-json\/wp\/v2\/pages\/1437"}],"wp:attachment":[{"href":"https:\/\/www.marvi93.com\/es\/wp-json\/wp\/v2\/media?parent=1443"}],"curies":[{"name":"wp","href":"https:\/\/api.w.org\/{rel}","templated":true}]}}