
{"id":1602,"date":"2017-12-10T20:48:11","date_gmt":"2017-12-10T18:48:11","guid":{"rendered":"http:\/\/www.marvi93.com\/?page_id=1602"},"modified":"2018-08-24T12:16:57","modified_gmt":"2018-08-24T10:16:57","slug":"politica-de-privacidad","status":"publish","type":"page","link":"https:\/\/www.marvi93.com\/es\/politica-de-privacidad\/","title":{"rendered":"Pol\u00edtica de privacidad"},"content":{"rendered":"<section class=\"wpb-content-wrapper\">[vc_row][vc_column][vc_column_text]\n<p style=\"text-align: justify;\"><strong>Denominaci\u00f3n Social:\u00a0<\/strong>Marvi 93 S.L.<\/p>\n<p style=\"text-align: justify;\"><strong>Domicilio Social:\u00a0<\/strong>Joan Torruella i Urpina, 7 \u2013 08758 Cervell\u00f3 Barcelona<\/p>\n<p style=\"text-align: justify;\"><strong>CIF \/ NIF: <\/strong>B60244332<\/p>\n<p style=\"text-align: justify;\"><strong>Tel\u00e9fono: <\/strong>93 683 32 32<\/p>\n<p style=\"text-align: justify;\"><strong>e-Mail:\u00a0<\/strong>info@marvi93.com<\/p>\n<p style=\"text-align: justify;\"><strong>Nombre de dominio:\u00a0<\/strong>marvi93.com<\/p>\n<h2 style=\"text-align: justify;\">FINALIDAD DEL TRATAMIENTO DE LOS DATOS PERSONALES<\/h2>\n<h3 style=\"text-align: justify;\">\u00bfCON QUE FINALIDAD TRATAREMOS TUS DATOS PERSONALES?<\/h3>\n<p style=\"text-align: justify;\">En www.marvi93.com trataremos tus datos personales, recabados a trav\u00e9s del Sitio Web con las siguientes finalidades:<\/p>\n<ul style=\"text-align: justify;\">\n<li>En caso de contrataci\u00f3n de los bienes y servicios ofertados a trav\u00e9s del Sitio Web, para mantener la relaci\u00f3n contractual, as\u00ed como la gesti\u00f3n, administraci\u00f3n, informaci\u00f3n, prestaci\u00f3n y mejora del servicio.<\/li>\n<li>Env\u00edo de informaci\u00f3n solicitada a trav\u00e9s de los formularios dispuestos en el Sitio Web.<\/li>\n<li>Remitir boletines con novedades publicadas en nuestro sitio web y comunicaciones comerciales de promociones y\/o publicidad sobre productos que puedan ser de tu inter\u00e9s.<\/li>\n<li>Monitorizaci\u00f3n y estudio del uso de nuestro sitio web mediante el uso de Cookies<\/li>\n<\/ul>\n<p style=\"text-align: justify;\">Te recordamos que puedes oponerte al env\u00edo de comunicaciones comerciales por cualquier v\u00eda y en cualquier momento, remitiendo un correo electr\u00f3nico a info@marvi93.com.<\/p>\n<p style=\"text-align: justify;\">Los campos que aparecen en nuestros formularios y que est\u00e1n indicados con un aster\u00edsco (*) son de cumplimentaci\u00f3n obligatoria, siendo necesarios para poder cumplir con las finalidades indicadas.<\/p>\n<h3 style=\"text-align: justify;\">\u00bfDURANTE CUANTO TIEMPO VAMOS A GUARDAR TUS DATOS PERSONALES?<\/h3>\n<p style=\"text-align: justify;\">Los datos personales proporcionados se conservar\u00e1n mientras se mantenga la relaci\u00f3n comercial o hasta que el usuario solic\u00edte su supresi\u00f3n .<\/p>\n<h2 style=\"text-align: justify;\">LEGITIMACI\u00d3N<\/h2>\n<p style=\"text-align: justify;\">El tratamiento de tus datos se realiza con las siguientes bases jur\u00eddicas que legitiman el mismo:<\/p>\n<ul style=\"text-align: justify;\">\n<li>La solicitud de informaci\u00f3n y\/o la contrataci\u00f3n de los servicios de ofrecidos por nuestra empresa y cuyos t\u00e9rminos y condiciones se pondr\u00e1n de forma previa a una eventual contrataci\u00f3n.<\/li>\n<li>El consentimiento libre, espec\u00edfico, informado e inequ\u00edvoco, en tanto que te informamos poniendo a tu disposici\u00f3n la presente pol\u00edtica de privacidad, que tras la lectura de la misma, en caso de estar conforme, puedes aceptar mediante una declaraci\u00f3n o una clara acci\u00f3n afirmativa, como el marcado de una casilla dispuesta al efecto.<\/li>\n<\/ul>\n<p style=\"text-align: justify;\">En caso de que no nos facilites tus datos o los hagas de forma err\u00f3nea o incompleta, no podremos atender tu solicitud, resultando del todo imposible proporcionarte la informaci\u00f3n solicitada o llevar a cabo la contrataci\u00f3n de los servicios.<\/p>\n<h2 style=\"text-align: justify;\">DESTINATARIOS<\/h2>\n<p style=\"text-align: justify;\">Los datos no se comunicar\u00e1n a ning\u00fan tercero ajeno a Marvi 93, salvo obligaci\u00f3n legal.<\/p>\n<p style=\"text-align: justify;\">Como encargados de tratamiento, guardamos tus datos en los siguientes proveedores, los cuales nos indican que cumplen perfectamente con la legalidad vigente:<\/p>\n<p style=\"text-align: justify;\"><strong>Google Inc.\u00a0<\/strong>con domicilio en\u00a01600 Amphitheatre Parkwat, Mountain View (California) CA 94043, Estados Unidos. Google utiliza cookies en mi web para analizar el uso de marvi93.com (entre ellos guarda tu direcci\u00f3n IP) y estos datos son guardados en sus servidores de Estados Unidos.<\/p>\n<p style=\"text-align: justify;\"><strong>Acumbamail SL<\/strong>\u00a0con domilicio en Av. del Rey Santo, 3D 3a planta Oficina 2 13001 &#8211; Ciudad Real. En marvi93.com utilizamos la plataforma Acumbamail para la gesti\u00f3n y el env\u00edo de comunicaciones comerciales. Puedes consultar su pol\u00edtica de privacidad en\u00a0<strong><a href=\"https:\/\/acumbamail.com\/privacy-policy\/\" target=\"_blank\" rel=\"noopener nofollow\" class=\"broken_link\">este enlace<\/a>.<\/strong><\/p>\n<p style=\"text-align: justify;\">Los datos personales facilitados a trav\u00e9s de los formularios del Sitio Web, son tratados para la prestaci\u00f3n de los servicios de Marvi 93, as\u00ed como para el env\u00edo de comunicaciones comerciales o informativas mediante el uso de la herramienta que Acumbamail, lo que conlleva que los datos introducidos son transferidos a los servidores de la citada compa\u00f1\u00eda, que el usuario consiente de manera expresa con la aceptaci\u00f3n de la presente pol\u00edtica de privacidad.<\/p>\n<h2 style=\"text-align: justify;\">DERECHOS DEL USUARIO<\/h2>\n<p style=\"text-align: justify;\">Como interesado que nos has proporcionado tus datos personales, tienes pleno derecho a obtener confirmaci\u00f3n sobre si en marvi93.com estamos tratando tus datos personales, y en concreto est\u00e1s facultado para ejercitar los siguientes derechos que la normativa en materia de protecci\u00f3n de datos te reconoce, conforme a lo previsto en la misma:<\/p>\n<ul style=\"text-align: justify;\">\n<li>Derecho de ACCESO a tus datos personales<\/li>\n<li>Derechos de solicitar la RECTIFICACI\u00d3N de los datos inexactos<\/li>\n<li>Derecho de solicitar su SUPRESI\u00d3N cuando, entre otros motivos, los datos ya no sean necesarios para los fines que fueron recogidos.<\/li>\n<li>En determinadas circunstancias, podr\u00e1s solicitar la LIMITACI\u00d3N DEL TRATAMIENTO de tus datos, en cuyo caso \u00fanicamente los conservaremos para el ejercicio o la defensa de reclamaciones.<\/li>\n<li>En determinadas circunstancias y por motivos relacionados con su situaci\u00f3n particular, los interesados podr\u00e1n ejercitar su derecho de OPOSICI\u00d3N al tratamiento de sus datos. Dejaremos de tratar los datos, salvo por motivos leg\u00edtimos imperiosos, o el ejercicio o la defensa de posibles reclamaciones.<\/li>\n<li>En determinadas circunstancias y por motivos relacionados con tu situaci\u00f3n particular, podr\u00e1s solicitar su derecho a la PORTABILIDAD de los datos.<\/li>\n<\/ul>\n<p style=\"text-align: justify;\">Podr\u00e1s ejercer estos derechos dirigiendo una comunicaci\u00f3n a la direcci\u00f3n postal y\/o de correo electr\u00f3nico que se hace constar en el apartado \u201cInformaci\u00f3n sobre el responsable del tratamiento de los datos personales.\u201d<\/p>\n<p style=\"text-align: justify;\">Adem\u00e1s, en caso de que se haya vulnerado cualquiera de tus derechos, el interesado tiene derecho a presentar una reclamaci\u00f3n ante la Agencia Espa\u00f1ola de Protecci\u00f3n de Datos (AEPD), en C\/ Jorge Juan, 6, 28001-Madrid o a trav\u00e9s de la\u00a0sede electr\u00f3nica de la AEPD.<\/p>\n[\/vc_column_text][\/vc_column][\/vc_row]\n<\/section>","protected":false},"excerpt":{"rendered":"<p>[vc_row][vc_column][vc_column_text] Denominaci\u00f3n Social:\u00a0Marvi 93 S.L. Domicilio Social:\u00a0Joan Torruella i Urpina, 7 \u2013 08758 Cervell\u00f3 Barcelona CIF \/ NIF: B60244332 Tel\u00e9fono: 93 683 32 32 e-Mail:\u00a0info@marvi93.com Nombre de dominio:\u00a0marvi93.com FINALIDAD DEL TRATAMIENTO DE LOS DATOS PERSONALES \u00bfCON QUE FINALIDAD TRATAREMOS TUS DATOS PERSONALES? En www.marvi93.com trataremos tus datos personales, recabados a trav\u00e9s del Sitio Web con [&hellip;]<\/p>\n","protected":false},"author":235,"featured_media":0,"parent":0,"menu_order":0,"comment_status":"closed","ping_status":"closed","template":"","meta":[],"_links":{"self":[{"href":"https:\/\/www.marvi93.com\/es\/wp-json\/wp\/v2\/pages\/1602"}],"collection":[{"href":"https:\/\/www.marvi93.com\/es\/wp-json\/wp\/v2\/pages"}],"about":[{"href":"https:\/\/www.marvi93.com\/es\/wp-json\/wp\/v2\/types\/page"}],"author":[{"embeddable":true,"href":"https:\/\/www.marvi93.com\/es\/wp-json\/wp\/v2\/users\/235"}],"replies":[{"embeddable":true,"href":"https:\/\/www.marvi93.com\/es\/wp-json\/wp\/v2\/comments?post=1602"}],"version-history":[{"count":0,"href":"https:\/\/www.marvi93.com\/es\/wp-json\/wp\/v2\/pages\/1602\/revisions"}],"wp:attachment":[{"href":"https:\/\/www.marvi93.com\/es\/wp-json\/wp\/v2\/media?parent=1602"}],"curies":[{"name":"wp","href":"https:\/\/api.w.org\/{rel}","templated":true}]}}